{"id":1355,"date":"2025-05-11T07:52:52","date_gmt":"2025-05-11T07:52:52","guid":{"rendered":"https:\/\/sagargeldern.com?page_id=1355"},"modified":"2025-07-22T06:41:50","modified_gmt":"2025-07-22T06:41:50","slug":"naan-spezialitaten","status":"publish","type":"page","link":"https:\/\/sagargeldern.com\/de\/naan-spezialitaten\/","title":{"rendered":"Naan Spezialit\u00e4ten"},"content":{"rendered":"<div data-elementor-type=\"wp-page\" data-elementor-id=\"1355\" class=\"elementor elementor-1355\" data-elementor-post-type=\"page\">\n\t\t\t\t<div class=\"elementor-element elementor-element-e2c7966 e-flex e-con-boxed elementor-invisible e-con e-parent\" data-id=\"e2c7966\" data-element_type=\"container\" data-e-type=\"container\" data-settings=\"{&quot;background_background&quot;:&quot;classic&quot;,&quot;animation&quot;:&quot;slideInRight&quot;}\">\n\t\t\t\t\t<div class=\"e-con-inner\">\n\t\t<div class=\"elementor-element elementor-element-84668a2 e-con-full e-flex e-con e-child\" data-id=\"84668a2\" data-element_type=\"container\" data-e-type=\"container\" data-settings=\"{&quot;background_background&quot;:&quot;classic&quot;}\">\n\t\t\t\t<div class=\"elementor-element elementor-element-1e7f72f animated-slow elementor-invisible elementor-widget elementor-widget-heading\" data-id=\"1e7f72f\" data-element_type=\"widget\" data-e-type=\"widget\" data-settings=\"{&quot;_animation&quot;:&quot;zoomInUp&quot;,&quot;_animation_delay&quot;:300}\" data-widget_type=\"heading.default\">\n\t\t\t\t\t<h1 class=\"elementor-heading-title elementor-size-default\">Naan Spezialit\u00e4ten\n<\/h1>\t\t\t\t<\/div>\n\t\t\t\t<\/div>\n\t\t\t\t\t<\/div>\n\t\t\t\t<\/div>\n\t\t<div class=\"elementor-element elementor-element-d3ccdf1 e-flex e-con-boxed e-con e-parent\" data-id=\"d3ccdf1\" data-element_type=\"container\" data-e-type=\"container\" data-settings=\"{&quot;background_background&quot;:&quot;classic&quot;}\">\n\t\t\t\t\t<div class=\"e-con-inner\">\n\t\t<div class=\"elementor-element elementor-element-45b0c84 e-con-full e-flex e-con e-child\" data-id=\"45b0c84\" data-element_type=\"container\" data-e-type=\"container\">\n\t\t\t\t<div class=\"elementor-element elementor-element-ded35b7 elementor-widget elementor-widget-spacer\" data-id=\"ded35b7\" data-element_type=\"widget\" data-e-type=\"widget\" data-widget_type=\"spacer.default\">\n\t\t\t\t\t\t\t<div class=\"elementor-spacer\">\n\t\t\t<div class=\"elementor-spacer-inner\"><\/div>\n\t\t<\/div>\n\t\t\t\t\t\t<\/div>\n\t\t\t\t<\/div>\n\t\t\t\t\t<\/div>\n\t\t\t\t<\/div>\n\t\t<div class=\"elementor-element elementor-element-6bc67f8 e-flex e-con-boxed elementor-invisible e-con e-parent\" data-id=\"6bc67f8\" data-element_type=\"container\" data-e-type=\"container\" data-settings=\"{&quot;background_background&quot;:&quot;classic&quot;,&quot;animation&quot;:&quot;slideInLeft&quot;}\">\n\t\t\t\t\t<div class=\"e-con-inner\">\n\t\t<div class=\"elementor-element elementor-element-e275631 e-con-full animated-slow e-flex elementor-invisible e-con e-child\" data-id=\"e275631\" data-element_type=\"container\" data-e-type=\"container\" data-settings=\"{&quot;background_background&quot;:&quot;classic&quot;,&quot;animation&quot;:&quot;zoomInUp&quot;}\">\n\t\t\t\t<div class=\"elementor-element elementor-element-7c82c1e elementor-widget elementor-widget-heading\" data-id=\"7c82c1e\" data-element_type=\"widget\" data-e-type=\"widget\" data-widget_type=\"heading.default\">\n\t\t\t\t\t<h4 class=\"elementor-heading-title elementor-size-default\">Naan Spezialit\u00e4ten<\/h4>\t\t\t\t<\/div>\n\t\t\t\t<div class=\"elementor-element elementor-element-fdf29ec elementor-widget elementor-widget-image\" data-id=\"fdf29ec\" data-element_type=\"widget\" data-e-type=\"widget\" data-widget_type=\"image.default\">\n\t\t\t\t\t\t\t\t\t\t\t\t\t\t\t<img decoding=\"async\" width=\"212\" height=\"24\" src=\"https:\/\/sagargeldern.com\/wp-content\/uploads\/2025\/04\/image.webp\" class=\"attachment-medium size-medium wp-image-813\" alt=\"\" \/>\t\t\t\t\t\t\t\t\t\t\t\t\t\t\t<\/div>\n\t\t\t\t<div class=\"elementor-element elementor-element-bce94c7 elementor-widget elementor-widget-price-list\" data-id=\"bce94c7\" data-element_type=\"widget\" data-e-type=\"widget\" data-widget_type=\"price-list.default\">\n\t\t\t\t\t\n\t\t<ul class=\"elementor-price-list\">\n\n\t\t\t\t\t\t\t\t\t<li><a class=\"elementor-price-list-item\" href=\"#\">\t\t\t\t\n\t\t\t\t<div class=\"elementor-price-list-text\">\n\t\t\t\t\t\t\t\t\t<div class=\"elementor-price-list-header\">\n\t\t\t\t\t\t\t\t\t\t\t<span class=\"elementor-price-list-title\">\n\t\t\t\t\t\t\tNaan\t\t\t\t\t\t<\/span>\n\t\t\t\t\t\t\t\t\t\t\t\t\t\t\t\t\t\t<span class=\"elementor-price-list-separator\"><\/span>\n\t\t\t\t\t\t\t\t\t\t\t\t\t\t\t\t\t\t\t<span class=\"elementor-price-list-price\">3.00 \u20ac<\/span>\n\t\t\t\t\t\t\t\t\t\t<\/div>\n\t\t\t\t\t\t\t\t\t\t\t\t\t\t\t<p class=\"elementor-price-list-description\">\n\t\t\t\t\t\t\tFladenbrot\t\t\t\t\t\t<\/p>\n\t\t\t\t\t\t\t\t<\/div>\n\t\t\t\t<\/a><\/li>\t\t\t\t\t\t\t\t\t\t\t\t<li><a class=\"elementor-price-list-item\" href=\"#\">\t\t\t\t\n\t\t\t\t<div class=\"elementor-price-list-text\">\n\t\t\t\t\t\t\t\t\t<div class=\"elementor-price-list-header\">\n\t\t\t\t\t\t\t\t\t\t\t<span class=\"elementor-price-list-title\">\n\t\t\t\t\t\t\tButter Naan\t\t\t\t\t\t<\/span>\n\t\t\t\t\t\t\t\t\t\t\t\t\t\t\t\t\t\t<span class=\"elementor-price-list-separator\"><\/span>\n\t\t\t\t\t\t\t\t\t\t\t\t\t\t\t\t\t\t\t<span class=\"elementor-price-list-price\">3.50 \u20ac<\/span>\n\t\t\t\t\t\t\t\t\t\t<\/div>\n\t\t\t\t\t\t\t\t\t\t\t\t\t\t\t<p class=\"elementor-price-list-description\">\n\t\t\t\t\t\t\tFladenbrot mit Butter\n\t\t\t\t\t\t<\/p>\n\t\t\t\t\t\t\t\t<\/div>\n\t\t\t\t<\/a><\/li>\t\t\t\t\t\t\t\t\t\t\t\t<li><a class=\"elementor-price-list-item\" href=\"#\">\t\t\t\t\n\t\t\t\t<div class=\"elementor-price-list-text\">\n\t\t\t\t\t\t\t\t\t<div class=\"elementor-price-list-header\">\n\t\t\t\t\t\t\t\t\t\t\t<span class=\"elementor-price-list-title\">\n\t\t\t\t\t\t\tKnoblauch Naan\t\t\t\t\t\t<\/span>\n\t\t\t\t\t\t\t\t\t\t\t\t\t\t\t\t\t\t<span class=\"elementor-price-list-separator\"><\/span>\n\t\t\t\t\t\t\t\t\t\t\t\t\t\t\t\t\t\t\t<span class=\"elementor-price-list-price\">3.90 \u20ac<\/span>\n\t\t\t\t\t\t\t\t\t\t<\/div>\n\t\t\t\t\t\t\t\t\t\t\t\t\t\t\t<p class=\"elementor-price-list-description\">\n\t\t\t\t\t\t\tFladenbrot mit Knoblauch\t\t\t\t\t\t<\/p>\n\t\t\t\t\t\t\t\t<\/div>\n\t\t\t\t<\/a><\/li>\t\t\t\t\t\t\t\t\t\t\t\t<li><a class=\"elementor-price-list-item\" href=\"#\">\t\t\t\t\n\t\t\t\t<div class=\"elementor-price-list-text\">\n\t\t\t\t\t\t\t\t\t<div class=\"elementor-price-list-header\">\n\t\t\t\t\t\t\t\t\t\t\t<span class=\"elementor-price-list-title\">\n\t\t\t\t\t\t\tKashmiri Naan\t\t\t\t\t\t<\/span>\n\t\t\t\t\t\t\t\t\t\t\t\t\t\t\t\t\t\t<span class=\"elementor-price-list-separator\"><\/span>\n\t\t\t\t\t\t\t\t\t\t\t\t\t\t\t\t\t\t\t<span class=\"elementor-price-list-price\">4.20 \u20ac<\/span>\n\t\t\t\t\t\t\t\t\t\t<\/div>\n\t\t\t\t\t\t\t\t\t\t\t\t\t\t\t<p class=\"elementor-price-list-description\">\n\t\t\t\t\t\t\tFladenbrot mit Nuss, Rosinen, Kokosnuss,\netwas Zucker\n\t\t\t\t\t\t<\/p>\n\t\t\t\t\t\t\t\t<\/div>\n\t\t\t\t<\/a><\/li>\t\t\t\t\t\t\t\t\t\t\t\t<li><a class=\"elementor-price-list-item\" href=\"#\">\t\t\t\t\n\t\t\t\t<div class=\"elementor-price-list-text\">\n\t\t\t\t\t\t\t\t\t<div class=\"elementor-price-list-header\">\n\t\t\t\t\t\t\t\t\t\t\t<span class=\"elementor-price-list-title\">\n\t\t\t\t\t\t\tChilli Knoblauch Naan\t\t\t\t\t\t<\/span>\n\t\t\t\t\t\t\t\t\t\t\t\t\t\t\t\t\t\t<span class=\"elementor-price-list-separator\"><\/span>\n\t\t\t\t\t\t\t\t\t\t\t\t\t\t\t\t\t\t\t<span class=\"elementor-price-list-price\">3.90 \u20ac<\/span>\n\t\t\t\t\t\t\t\t\t\t<\/div>\n\t\t\t\t\t\t\t\t\t\t\t\t\t\t\t<p class=\"elementor-price-list-description\">\n\t\t\t\t\t\t\tFladenbrot mit Knoblauch und Chili\n\t\t\t\t\t\t<\/p>\n\t\t\t\t\t\t\t\t<\/div>\n\t\t\t\t<\/a><\/li>\t\t\t\t\t\t\t\t\t\t\t\t<li><a class=\"elementor-price-list-item\" href=\"#\">\t\t\t\t\n\t\t\t\t<div class=\"elementor-price-list-text\">\n\t\t\t\t\t\t\t\t\t<div class=\"elementor-price-list-header\">\n\t\t\t\t\t\t\t\t\t\t\t<span class=\"elementor-price-list-title\">\n\t\t\t\t\t\t\tRoti\t\t\t\t\t\t<\/span>\n\t\t\t\t\t\t\t\t\t\t\t\t\t\t\t\t\t\t<span class=\"elementor-price-list-separator\"><\/span>\n\t\t\t\t\t\t\t\t\t\t\t\t\t\t\t\t\t\t\t<span class=\"elementor-price-list-price\">2.50 \u20ac<\/span>\n\t\t\t\t\t\t\t\t\t\t<\/div>\n\t\t\t\t\t\t\t\t\t\t\t\t\t\t\t<p class=\"elementor-price-list-description\">\n\t\t\t\t\t\t\tBrot aus Gerste, Hirse und Weizen\t\t\t\t\t\t<\/p>\n\t\t\t\t\t\t\t\t<\/div>\n\t\t\t\t<\/a><\/li>\t\t\t\t\t\t\t\t\t\t\t\t<li><a class=\"elementor-price-list-item\" href=\"#\">\t\t\t\t\n\t\t\t\t<div class=\"elementor-price-list-text\">\n\t\t\t\t\t\t\t\t\t<div class=\"elementor-price-list-header\">\n\t\t\t\t\t\t\t\t\t\t\t<span class=\"elementor-price-list-title\">\n\t\t\t\t\t\t\tBhatura\t\t\t\t\t\t<\/span>\n\t\t\t\t\t\t\t\t\t\t\t\t\t\t\t\t\t\t<span class=\"elementor-price-list-separator\"><\/span>\n\t\t\t\t\t\t\t\t\t\t\t\t\t\t\t\t\t\t\t<span class=\"elementor-price-list-price\">3.20 \u20ac<\/span>\n\t\t\t\t\t\t\t\t\t\t<\/div>\n\t\t\t\t\t\t\t\t\t\t\t\t\t\t\t<p class=\"elementor-price-list-description\">\n\t\t\t\t\t\t\tFrittiertes Brot nach indischer Art\t\t\t\t\t\t<\/p>\n\t\t\t\t\t\t\t\t<\/div>\n\t\t\t\t<\/a><\/li>\t\t\t\t\t\t\t\t\t\t\t\t<li><a class=\"elementor-price-list-item\" href=\"#\">\t\t\t\t\n\t\t\t\t<div class=\"elementor-price-list-text\">\n\t\t\t\t\t\t\t\t\t<div class=\"elementor-price-list-header\">\n\t\t\t\t\t\t\t\t\t\t\t<span class=\"elementor-price-list-title\">\n\t\t\t\t\t\t\tPaneer Naan\t\t\t\t\t\t<\/span>\n\t\t\t\t\t\t\t\t\t\t\t\t\t\t\t\t\t\t<span class=\"elementor-price-list-separator\"><\/span>\n\t\t\t\t\t\t\t\t\t\t\t\t\t\t\t\t\t\t\t<span class=\"elementor-price-list-price\">3.50 \u20ac<\/span>\n\t\t\t\t\t\t\t\t\t\t<\/div>\n\t\t\t\t\t\t\t\t\t\t\t\t\t\t\t<p class=\"elementor-price-list-description\">\n\t\t\t\t\t\t\tFladenbrot mit indischem Frischk\u00e4se\n(Paneer), Gew\u00fcrze\t\t\t\t\t\t<\/p>\n\t\t\t\t\t\t\t\t<\/div>\n\t\t\t\t<\/a><\/li>\t\t\t\t\t\t\t\t\t\t\t\t<li><a class=\"elementor-price-list-item\" href=\"#\">\t\t\t\t\n\t\t\t\t<div class=\"elementor-price-list-text\">\n\t\t\t\t\t\t\t\t\t<div class=\"elementor-price-list-header\">\n\t\t\t\t\t\t\t\t\t\t\t<span class=\"elementor-price-list-title\">\n\t\t\t\t\t\t\tAlu Naan\t\t\t\t\t\t<\/span>\n\t\t\t\t\t\t\t\t\t\t\t\t\t\t\t\t\t\t<span class=\"elementor-price-list-separator\"><\/span>\n\t\t\t\t\t\t\t\t\t\t\t\t\t\t\t\t\t\t\t<span class=\"elementor-price-list-price\">3.60 \u20ac<\/span>\n\t\t\t\t\t\t\t\t\t\t<\/div>\n\t\t\t\t\t\t\t\t\t\t\t\t\t\t\t<p class=\"elementor-price-list-description\">\n\t\t\t\t\t\t\tFladenBrot mit Kartoffeln gef\u00fcllt\t\t\t\t\t\t<\/p>\n\t\t\t\t\t\t\t\t<\/div>\n\t\t\t\t<\/a><\/li>\t\t\t\t\t\t\t\t\t\t\t\t<li><a class=\"elementor-price-list-item\" href=\"#\">\t\t\t\t\n\t\t\t\t<div class=\"elementor-price-list-text\">\n\t\t\t\t\t\t\t\t\t<div class=\"elementor-price-list-header\">\n\t\t\t\t\t\t\t\t\t\t\t<span class=\"elementor-price-list-title\">\n\t\t\t\t\t\t\tOnion Naan\t\t\t\t\t\t<\/span>\n\t\t\t\t\t\t\t\t\t\t\t\t\t\t\t\t\t\t<span class=\"elementor-price-list-separator\"><\/span>\n\t\t\t\t\t\t\t\t\t\t\t\t\t\t\t\t\t\t\t<span class=\"elementor-price-list-price\">3.50 \u20ac<\/span>\n\t\t\t\t\t\t\t\t\t\t<\/div>\n\t\t\t\t\t\t\t\t\t\t\t\t\t\t\t<p class=\"elementor-price-list-description\">\n\t\t\t\t\t\t\tFladenBrot mit Zwiebeln\t\t\t\t\t\t<\/p>\n\t\t\t\t\t\t\t\t<\/div>\n\t\t\t\t<\/a><\/li>\t\t\t\t\t\t\t\t\t\t\t\t<li><a class=\"elementor-price-list-item\" href=\"#\">\t\t\t\t\n\t\t\t\t<div class=\"elementor-price-list-text\">\n\t\t\t\t\t\t\t\t\t<div class=\"elementor-price-list-header\">\n\t\t\t\t\t\t\t\t\t\t\t<span class=\"elementor-price-list-title\">\n\t\t\t\t\t\t\tChicken Naan\t\t\t\t\t\t<\/span>\n\t\t\t\t\t\t\t\t\t\t\t\t\t\t\t\t\t\t<span class=\"elementor-price-list-separator\"><\/span>\n\t\t\t\t\t\t\t\t\t\t\t\t\t\t\t\t\t\t\t<span class=\"elementor-price-list-price\">3.60 \u20ac<\/span>\n\t\t\t\t\t\t\t\t\t\t<\/div>\n\t\t\t\t\t\t\t\t\t\t\t\t\t\t\t<p class=\"elementor-price-list-description\">\n\t\t\t\t\t\t\tFladenbrot mit w\u00fcrzigen Hanchen,\nGew\u00fcrze\t\t\t\t\t\t<\/p>\n\t\t\t\t\t\t\t\t<\/div>\n\t\t\t\t<\/a><\/li>\t\t\t\t\t\t\t\t\t\t\t\t<li><a class=\"elementor-price-list-item\" href=\"#\">\t\t\t\t\n\t\t\t\t<div class=\"elementor-price-list-text\">\n\t\t\t\t\t\t\t\t\t<div class=\"elementor-price-list-header\">\n\t\t\t\t\t\t\t\t\t\t\t<span class=\"elementor-price-list-title\">\n\t\t\t\t\t\t\tGarlic Roti\t\t\t\t\t\t<\/span>\n\t\t\t\t\t\t\t\t\t\t\t\t\t\t\t\t\t\t<span class=\"elementor-price-list-separator\"><\/span>\n\t\t\t\t\t\t\t\t\t\t\t\t\t\t\t\t\t\t\t<span class=\"elementor-price-list-price\">2.90 \u20ac<\/span>\n\t\t\t\t\t\t\t\t\t\t<\/div>\n\t\t\t\t\t\t\t\t\t\t\t\t\t\t\t<p class=\"elementor-price-list-description\">\n\t\t\t\t\t\t\tBrot aus Gerste, Hirse und Weizen mit\nKnoblauch\t\t\t\t\t\t<\/p>\n\t\t\t\t\t\t\t\t<\/div>\n\t\t\t\t<\/a><\/li>\t\t\t\t\t\t\t\t\t\t\t\t<li><a class=\"elementor-price-list-item\" href=\"#\">\t\t\t\t\n\t\t\t\t<div class=\"elementor-price-list-text\">\n\t\t\t\t\t\t\t\t\t<div class=\"elementor-price-list-header\">\n\t\t\t\t\t\t\t\t\t\t\t<span class=\"elementor-price-list-title\">\n\t\t\t\t\t\t\tLacha Parantha\t\t\t\t\t\t<\/span>\n\t\t\t\t\t\t\t\t\t\t\t\t\t\t\t\t\t\t<span class=\"elementor-price-list-separator\"><\/span>\n\t\t\t\t\t\t\t\t\t\t\t\t\t\t\t\t\t\t\t<span class=\"elementor-price-list-price\">3.20 \u20ac<\/span>\n\t\t\t\t\t\t\t\t\t\t<\/div>\n\t\t\t\t\t\t\t\t\t\t\t\t\t\t\t<p class=\"elementor-price-list-description\">\n\t\t\t\t\t\t\tgeschichetes Fladenbrot\t\t\t\t\t\t<\/p>\n\t\t\t\t\t\t\t\t<\/div>\n\t\t\t\t<\/a><\/li>\t\t\t\t\t\n\t\t<\/ul>\n\n\t\t\t\t\t\t<\/div>\n\t\t\t\t<div class=\"elementor-element elementor-element-bc9d4c0 elementor-align-center elementor-widget elementor-widget-button\" data-id=\"bc9d4c0\" data-element_type=\"widget\" data-e-type=\"widget\" data-widget_type=\"button.default\">\n\t\t\t\t\t\t\t\t\t\t<a class=\"elementor-button elementor-button-link elementor-size-sm\" href=\"https:\/\/www.foodbooking.com\/api\/fb\/1_y_e_y4\">\n\t\t\t\t\t\t<span class=\"elementor-button-content-wrapper\">\n\t\t\t\t\t\t\t\t\t<span class=\"elementor-button-text\">Jetzt bestellen<\/span>\n\t\t\t\t\t<\/span>\n\t\t\t\t\t<\/a>\n\t\t\t\t\t\t\t\t<\/div>\n\t\t\t\t<\/div>\n\t\t\t\t\t<\/div>\n\t\t\t\t<\/div>\n\t\t\t\t<\/div>","protected":false},"excerpt":{"rendered":"<p>Naan Spezialit\u00e4ten Naan Spezialit\u00e4ten Naan 3.00 \u20ac Fladenbrot Butter Naan 3.50 \u20ac Fladenbrot mit Butter Knoblauch Naan 3.90 \u20ac Fladenbrot mit Knoblauch Kashmiri Naan 4.20 \u20ac Fladenbrot mit Nuss, Rosinen, Kokosnuss, etwas Zucker Chilli Knoblauch Naan 3.90 \u20ac Fladenbrot mit Knoblauch und Chili Roti 2.50 \u20ac Brot aus Gerste, Hirse und Weizen Bhatura 3.20 \u20ac [&hellip;]<\/p>\n","protected":false},"author":11,"featured_media":0,"parent":0,"menu_order":0,"comment_status":"closed","ping_status":"closed","template":"elementor_header_footer","meta":{"footnotes":""},"class_list":["post-1355","page","type-page","status-publish","hentry"],"yoast_head":"<!-- This site is optimized with the Yoast SEO plugin v27.4 - https:\/\/yoast.com\/product\/yoast-seo-wordpress\/ -->\n<title>Naan Spezialit\u00e4ten - Sagar Geldern<\/title>\n<meta name=\"robots\" content=\"index, follow, max-snippet:-1, max-image-preview:large, max-video-preview:-1\" \/>\n<link rel=\"canonical\" href=\"https:\/\/sagargeldern.com\/de\/naan-spezialitaten\/\" \/>\n<meta property=\"og:locale\" content=\"de_DE\" \/>\n<meta property=\"og:type\" content=\"article\" \/>\n<meta property=\"og:title\" content=\"Naan Spezialit\u00e4ten - Sagar Geldern\" \/>\n<meta property=\"og:description\" content=\"Naan Spezialit\u00e4ten Naan Spezialit\u00e4ten Naan 3.00 \u20ac Fladenbrot Butter Naan 3.50 \u20ac Fladenbrot mit Butter Knoblauch Naan 3.90 \u20ac Fladenbrot mit Knoblauch Kashmiri Naan 4.20 \u20ac Fladenbrot mit Nuss, Rosinen, Kokosnuss, etwas Zucker Chilli Knoblauch Naan 3.90 \u20ac Fladenbrot mit Knoblauch und Chili Roti 2.50 \u20ac Brot aus Gerste, Hirse und Weizen Bhatura 3.20 \u20ac [&hellip;]\" \/>\n<meta property=\"og:url\" content=\"https:\/\/sagargeldern.com\/de\/naan-spezialitaten\/\" \/>\n<meta property=\"og:site_name\" content=\"Sagar Geldern\" \/>\n<meta property=\"article:modified_time\" content=\"2025-07-22T06:41:50+00:00\" \/>\n<meta property=\"og:image\" content=\"https:\/\/sagargeldern.com\/wp-content\/uploads\/2025\/04\/image.webp\" \/>\n<meta name=\"twitter:card\" content=\"summary_large_image\" \/>\n<script type=\"application\/ld+json\" class=\"yoast-schema-graph\">{\"@context\":\"https:\\\/\\\/schema.org\",\"@graph\":[{\"@type\":\"WebPage\",\"@id\":\"https:\\\/\\\/sagargeldern.com\\\/de\\\/naan-spezialitaten\\\/\",\"url\":\"https:\\\/\\\/sagargeldern.com\\\/de\\\/naan-spezialitaten\\\/\",\"name\":\"Naan Spezialit\u00e4ten - Sagar Geldern\",\"isPartOf\":{\"@id\":\"https:\\\/\\\/sagargeldern.com\\\/#website\"},\"primaryImageOfPage\":{\"@id\":\"https:\\\/\\\/sagargeldern.com\\\/de\\\/naan-spezialitaten\\\/#primaryimage\"},\"image\":{\"@id\":\"https:\\\/\\\/sagargeldern.com\\\/de\\\/naan-spezialitaten\\\/#primaryimage\"},\"thumbnailUrl\":\"https:\\\/\\\/sagargeldern.com\\\/wp-content\\\/uploads\\\/2025\\\/04\\\/image.webp\",\"datePublished\":\"2025-05-11T07:52:52+00:00\",\"dateModified\":\"2025-07-22T06:41:50+00:00\",\"breadcrumb\":{\"@id\":\"https:\\\/\\\/sagargeldern.com\\\/de\\\/naan-spezialitaten\\\/#breadcrumb\"},\"inLanguage\":\"de\",\"potentialAction\":[{\"@type\":\"ReadAction\",\"target\":[\"https:\\\/\\\/sagargeldern.com\\\/de\\\/naan-spezialitaten\\\/\"]}]},{\"@type\":\"ImageObject\",\"inLanguage\":\"de\",\"@id\":\"https:\\\/\\\/sagargeldern.com\\\/de\\\/naan-spezialitaten\\\/#primaryimage\",\"url\":\"https:\\\/\\\/sagargeldern.com\\\/wp-content\\\/uploads\\\/2025\\\/04\\\/image.webp\",\"contentUrl\":\"https:\\\/\\\/sagargeldern.com\\\/wp-content\\\/uploads\\\/2025\\\/04\\\/image.webp\"},{\"@type\":\"BreadcrumbList\",\"@id\":\"https:\\\/\\\/sagargeldern.com\\\/de\\\/naan-spezialitaten\\\/#breadcrumb\",\"itemListElement\":[{\"@type\":\"ListItem\",\"position\":1,\"name\":\"Home\",\"item\":\"https:\\\/\\\/sagargeldern.com\\\/en_us\\\/\"},{\"@type\":\"ListItem\",\"position\":2,\"name\":\"Naan Spezialit\u00e4ten\"}]},{\"@type\":\"WebSite\",\"@id\":\"https:\\\/\\\/sagargeldern.com\\\/#website\",\"url\":\"https:\\\/\\\/sagargeldern.com\\\/\",\"name\":\"Sagar Geldern\",\"description\":\"Indian restaurant\",\"publisher\":{\"@id\":\"https:\\\/\\\/sagargeldern.com\\\/#organization\"},\"potentialAction\":[{\"@type\":\"SearchAction\",\"target\":{\"@type\":\"EntryPoint\",\"urlTemplate\":\"https:\\\/\\\/sagargeldern.com\\\/?s={search_term_string}\"},\"query-input\":{\"@type\":\"PropertyValueSpecification\",\"valueRequired\":true,\"valueName\":\"search_term_string\"}}],\"inLanguage\":\"de\"},{\"@type\":\"Organization\",\"@id\":\"https:\\\/\\\/sagargeldern.com\\\/#organization\",\"name\":\"Sagar Geldern\",\"url\":\"https:\\\/\\\/sagargeldern.com\\\/\",\"logo\":{\"@type\":\"ImageObject\",\"inLanguage\":\"de\",\"@id\":\"https:\\\/\\\/sagargeldern.com\\\/#\\\/schema\\\/logo\\\/image\\\/\",\"url\":\"https:\\\/\\\/sagargeldern.com\\\/wp-content\\\/uploads\\\/2025\\\/04\\\/lgog-removebg-preview.png\",\"contentUrl\":\"https:\\\/\\\/sagargeldern.com\\\/wp-content\\\/uploads\\\/2025\\\/04\\\/lgog-removebg-preview.png\",\"width\":544,\"height\":405,\"caption\":\"Sagar Geldern\"},\"image\":{\"@id\":\"https:\\\/\\\/sagargeldern.com\\\/#\\\/schema\\\/logo\\\/image\\\/\"}}]}<\/script>\n<!-- \/ Yoast SEO plugin. -->","yoast_head_json":{"title":"Naan Spezialit\u00e4ten - Sagar Geldern","robots":{"index":"index","follow":"follow","max-snippet":"max-snippet:-1","max-image-preview":"max-image-preview:large","max-video-preview":"max-video-preview:-1"},"canonical":"https:\/\/sagargeldern.com\/de\/naan-spezialitaten\/","og_locale":"de_DE","og_type":"article","og_title":"Naan Spezialit\u00e4ten - Sagar Geldern","og_description":"Naan Spezialit\u00e4ten Naan Spezialit\u00e4ten Naan 3.00 \u20ac Fladenbrot Butter Naan 3.50 \u20ac Fladenbrot mit Butter Knoblauch Naan 3.90 \u20ac Fladenbrot mit Knoblauch Kashmiri Naan 4.20 \u20ac Fladenbrot mit Nuss, Rosinen, Kokosnuss, etwas Zucker Chilli Knoblauch Naan 3.90 \u20ac Fladenbrot mit Knoblauch und Chili Roti 2.50 \u20ac Brot aus Gerste, Hirse und Weizen Bhatura 3.20 \u20ac [&hellip;]","og_url":"https:\/\/sagargeldern.com\/de\/naan-spezialitaten\/","og_site_name":"Sagar Geldern","article_modified_time":"2025-07-22T06:41:50+00:00","og_image":[{"url":"https:\/\/sagargeldern.com\/wp-content\/uploads\/2025\/04\/image.webp","type":"","width":"","height":""}],"twitter_card":"summary_large_image","schema":{"@context":"https:\/\/schema.org","@graph":[{"@type":"WebPage","@id":"https:\/\/sagargeldern.com\/de\/naan-spezialitaten\/","url":"https:\/\/sagargeldern.com\/de\/naan-spezialitaten\/","name":"Naan Spezialit\u00e4ten - Sagar Geldern","isPartOf":{"@id":"https:\/\/sagargeldern.com\/#website"},"primaryImageOfPage":{"@id":"https:\/\/sagargeldern.com\/de\/naan-spezialitaten\/#primaryimage"},"image":{"@id":"https:\/\/sagargeldern.com\/de\/naan-spezialitaten\/#primaryimage"},"thumbnailUrl":"https:\/\/sagargeldern.com\/wp-content\/uploads\/2025\/04\/image.webp","datePublished":"2025-05-11T07:52:52+00:00","dateModified":"2025-07-22T06:41:50+00:00","breadcrumb":{"@id":"https:\/\/sagargeldern.com\/de\/naan-spezialitaten\/#breadcrumb"},"inLanguage":"de","potentialAction":[{"@type":"ReadAction","target":["https:\/\/sagargeldern.com\/de\/naan-spezialitaten\/"]}]},{"@type":"ImageObject","inLanguage":"de","@id":"https:\/\/sagargeldern.com\/de\/naan-spezialitaten\/#primaryimage","url":"https:\/\/sagargeldern.com\/wp-content\/uploads\/2025\/04\/image.webp","contentUrl":"https:\/\/sagargeldern.com\/wp-content\/uploads\/2025\/04\/image.webp"},{"@type":"BreadcrumbList","@id":"https:\/\/sagargeldern.com\/de\/naan-spezialitaten\/#breadcrumb","itemListElement":[{"@type":"ListItem","position":1,"name":"Home","item":"https:\/\/sagargeldern.com\/en_us\/"},{"@type":"ListItem","position":2,"name":"Naan Spezialit\u00e4ten"}]},{"@type":"WebSite","@id":"https:\/\/sagargeldern.com\/#website","url":"https:\/\/sagargeldern.com\/","name":"Sagar Geldern","description":"Indian restaurant","publisher":{"@id":"https:\/\/sagargeldern.com\/#organization"},"potentialAction":[{"@type":"SearchAction","target":{"@type":"EntryPoint","urlTemplate":"https:\/\/sagargeldern.com\/?s={search_term_string}"},"query-input":{"@type":"PropertyValueSpecification","valueRequired":true,"valueName":"search_term_string"}}],"inLanguage":"de"},{"@type":"Organization","@id":"https:\/\/sagargeldern.com\/#organization","name":"Sagar Geldern","url":"https:\/\/sagargeldern.com\/","logo":{"@type":"ImageObject","inLanguage":"de","@id":"https:\/\/sagargeldern.com\/#\/schema\/logo\/image\/","url":"https:\/\/sagargeldern.com\/wp-content\/uploads\/2025\/04\/lgog-removebg-preview.png","contentUrl":"https:\/\/sagargeldern.com\/wp-content\/uploads\/2025\/04\/lgog-removebg-preview.png","width":544,"height":405,"caption":"Sagar Geldern"},"image":{"@id":"https:\/\/sagargeldern.com\/#\/schema\/logo\/image\/"}}]}},"brizy_media":[],"_links":{"self":[{"href":"https:\/\/sagargeldern.com\/de\/wp-json\/wp\/v2\/pages\/1355","targetHints":{"allow":["GET"]}}],"collection":[{"href":"https:\/\/sagargeldern.com\/de\/wp-json\/wp\/v2\/pages"}],"about":[{"href":"https:\/\/sagargeldern.com\/de\/wp-json\/wp\/v2\/types\/page"}],"author":[{"embeddable":true,"href":"https:\/\/sagargeldern.com\/de\/wp-json\/wp\/v2\/users\/11"}],"replies":[{"embeddable":true,"href":"https:\/\/sagargeldern.com\/de\/wp-json\/wp\/v2\/comments?post=1355"}],"version-history":[{"count":0,"href":"https:\/\/sagargeldern.com\/de\/wp-json\/wp\/v2\/pages\/1355\/revisions"}],"wp:attachment":[{"href":"https:\/\/sagargeldern.com\/de\/wp-json\/wp\/v2\/media?parent=1355"}],"curies":[{"name":"wp","href":"https:\/\/api.w.org\/{rel}","templated":true}]}}