{"id":1480,"date":"2025-05-11T09:33:15","date_gmt":"2025-05-11T09:33:15","guid":{"rendered":"https:\/\/sagargeldern.com?page_id=1480"},"modified":"2025-07-22T06:40:29","modified_gmt":"2025-07-22T06:40:29","slug":"enten-spezialitaten","status":"publish","type":"page","link":"https:\/\/sagargeldern.com\/de\/enten-spezialitaten\/","title":{"rendered":"Enten Spezialit\u00e4ten"},"content":{"rendered":"<div data-elementor-type=\"wp-page\" data-elementor-id=\"1480\" class=\"elementor elementor-1480\" data-elementor-post-type=\"page\">\n\t\t\t\t<div class=\"elementor-element elementor-element-e2c7966 e-flex e-con-boxed elementor-invisible e-con e-parent\" data-id=\"e2c7966\" data-element_type=\"container\" data-e-type=\"container\" data-settings=\"{&quot;background_background&quot;:&quot;classic&quot;,&quot;animation&quot;:&quot;slideInRight&quot;}\">\n\t\t\t\t\t<div class=\"e-con-inner\">\n\t\t<div class=\"elementor-element elementor-element-84668a2 e-con-full e-flex e-con e-child\" data-id=\"84668a2\" data-element_type=\"container\" data-e-type=\"container\" data-settings=\"{&quot;background_background&quot;:&quot;classic&quot;}\">\n\t\t\t\t<div class=\"elementor-element elementor-element-1e7f72f animated-slow elementor-invisible elementor-widget elementor-widget-heading\" data-id=\"1e7f72f\" data-element_type=\"widget\" data-e-type=\"widget\" data-settings=\"{&quot;_animation&quot;:&quot;zoomInUp&quot;,&quot;_animation_delay&quot;:300}\" data-widget_type=\"heading.default\">\n\t\t\t\t\t<h1 class=\"elementor-heading-title elementor-size-default\">Enten Spezialit\u00e4ten\n<\/h1>\t\t\t\t<\/div>\n\t\t\t\t<\/div>\n\t\t\t\t\t<\/div>\n\t\t\t\t<\/div>\n\t\t<div class=\"elementor-element elementor-element-d3ccdf1 e-flex e-con-boxed e-con e-parent\" data-id=\"d3ccdf1\" data-element_type=\"container\" data-e-type=\"container\" data-settings=\"{&quot;background_background&quot;:&quot;classic&quot;}\">\n\t\t\t\t\t<div class=\"e-con-inner\">\n\t\t<div class=\"elementor-element elementor-element-45b0c84 e-con-full e-flex e-con e-child\" data-id=\"45b0c84\" data-element_type=\"container\" data-e-type=\"container\">\n\t\t\t\t<div class=\"elementor-element elementor-element-ded35b7 elementor-widget elementor-widget-spacer\" data-id=\"ded35b7\" data-element_type=\"widget\" data-e-type=\"widget\" data-widget_type=\"spacer.default\">\n\t\t\t\t\t\t\t<div class=\"elementor-spacer\">\n\t\t\t<div class=\"elementor-spacer-inner\"><\/div>\n\t\t<\/div>\n\t\t\t\t\t\t<\/div>\n\t\t\t\t<\/div>\n\t\t\t\t\t<\/div>\n\t\t\t\t<\/div>\n\t\t<div class=\"elementor-element elementor-element-6bc67f8 e-flex e-con-boxed elementor-invisible e-con e-parent\" data-id=\"6bc67f8\" data-element_type=\"container\" data-e-type=\"container\" data-settings=\"{&quot;background_background&quot;:&quot;classic&quot;,&quot;animation&quot;:&quot;slideInLeft&quot;}\">\n\t\t\t\t\t<div class=\"e-con-inner\">\n\t\t<div class=\"elementor-element elementor-element-e275631 e-con-full animated-slow e-flex elementor-invisible e-con e-child\" data-id=\"e275631\" data-element_type=\"container\" data-e-type=\"container\" data-settings=\"{&quot;background_background&quot;:&quot;classic&quot;,&quot;animation&quot;:&quot;zoomInUp&quot;}\">\n\t\t\t\t<div class=\"elementor-element elementor-element-7c82c1e elementor-widget elementor-widget-heading\" data-id=\"7c82c1e\" data-element_type=\"widget\" data-e-type=\"widget\" data-widget_type=\"heading.default\">\n\t\t\t\t\t<h4 class=\"elementor-heading-title elementor-size-default\">Enten Spezialit\u00e4ten<\/h4>\t\t\t\t<\/div>\n\t\t\t\t<div class=\"elementor-element elementor-element-fdf29ec elementor-widget elementor-widget-image\" data-id=\"fdf29ec\" data-element_type=\"widget\" data-e-type=\"widget\" data-widget_type=\"image.default\">\n\t\t\t\t\t\t\t\t\t\t\t\t\t\t\t<img decoding=\"async\" width=\"212\" height=\"24\" src=\"https:\/\/sagargeldern.com\/wp-content\/uploads\/2025\/04\/image.webp\" class=\"attachment-medium size-medium wp-image-813\" alt=\"\" \/>\t\t\t\t\t\t\t\t\t\t\t\t\t\t\t<\/div>\n\t\t\t\t<div class=\"elementor-element elementor-element-bce94c7 elementor-widget elementor-widget-price-list\" data-id=\"bce94c7\" data-element_type=\"widget\" data-e-type=\"widget\" data-widget_type=\"price-list.default\">\n\t\t\t\t\t\n\t\t<ul class=\"elementor-price-list\">\n\n\t\t\t\t\t\t\t\t\t<li><a class=\"elementor-price-list-item\" href=\"#\">\t\t\t\t\n\t\t\t\t<div class=\"elementor-price-list-text\">\n\t\t\t\t\t\t\t\t\t<div class=\"elementor-price-list-header\">\n\t\t\t\t\t\t\t\t\t\t\t<span class=\"elementor-price-list-title\">\n\t\t\t\t\t\t\tMango Ente\t\t\t\t\t\t<\/span>\n\t\t\t\t\t\t\t\t\t\t\t\t\t\t\t\t\t\t<span class=\"elementor-price-list-separator\"><\/span>\n\t\t\t\t\t\t\t\t\t\t\t\t\t\t\t\t\t\t\t<span class=\"elementor-price-list-price\">16.50 \u20ac<\/span>\n\t\t\t\t\t\t\t\t\t\t<\/div>\n\t\t\t\t\t\t\t\t\t\t\t\t\t\t\t<p class=\"elementor-price-list-description\">\n\t\t\t\t\t\t\tmit Entenfleisch in Mandel-, MangoCashewnuss-Sauce\t\t\t\t\t\t<\/p>\n\t\t\t\t\t\t\t\t<\/div>\n\t\t\t\t<\/a><\/li>\t\t\t\t\t\t\t\t\t\t\t\t<li><a class=\"elementor-price-list-item\" href=\"#\">\t\t\t\t\n\t\t\t\t<div class=\"elementor-price-list-text\">\n\t\t\t\t\t\t\t\t\t<div class=\"elementor-price-list-header\">\n\t\t\t\t\t\t\t\t\t\t\t<span class=\"elementor-price-list-title\">\n\t\t\t\t\t\t\tEnte Jalfrezi\t\t\t\t\t\t<\/span>\n\t\t\t\t\t\t\t\t\t\t\t\t\t\t\t\t\t\t<span class=\"elementor-price-list-separator\"><\/span>\n\t\t\t\t\t\t\t\t\t\t\t\t\t\t\t\t\t\t\t<span class=\"elementor-price-list-price\">16.50 \u20ac<\/span>\n\t\t\t\t\t\t\t\t\t\t<\/div>\n\t\t\t\t\t\t\t\t\t\t\t\t\t\t\t<p class=\"elementor-price-list-description\">\n\t\t\t\t\t\t\tmit Entenfleisch, Paprika,\nZwiebeln, Tomaten und\ngr\u00fcner Chili, scharf\n\t\t\t\t\t\t<\/p>\n\t\t\t\t\t\t\t\t<\/div>\n\t\t\t\t<\/a><\/li>\t\t\t\t\t\t\t\t\t\t\t\t<li><a class=\"elementor-price-list-item\" href=\"#\">\t\t\t\t\n\t\t\t\t<div class=\"elementor-price-list-text\">\n\t\t\t\t\t\t\t\t\t<div class=\"elementor-price-list-header\">\n\t\t\t\t\t\t\t\t\t\t\t<span class=\"elementor-price-list-title\">\n\t\t\t\t\t\t\tEnte Vindaloo\t\t\t\t\t\t<\/span>\n\t\t\t\t\t\t\t\t\t\t\t\t\t\t\t\t\t\t<span class=\"elementor-price-list-separator\"><\/span>\n\t\t\t\t\t\t\t\t\t\t\t\t\t\t\t\t\t\t\t<span class=\"elementor-price-list-price\">16.50 \u20ac<\/span>\n\t\t\t\t\t\t\t\t\t\t<\/div>\n\t\t\t\t\t\t\t\t\t\t\t\t\t\t\t<p class=\"elementor-price-list-description\">\n\t\t\t\t\t\t\tEntenfleisch mit Kartoffelst\u00fccken in\nsehr scharfer Sauce\t\t\t\t\t\t<\/p>\n\t\t\t\t\t\t\t\t<\/div>\n\t\t\t\t<\/a><\/li>\t\t\t\t\t\t\t\t\t\t\t\t<li><a class=\"elementor-price-list-item\" href=\"#\">\t\t\t\t\n\t\t\t\t<div class=\"elementor-price-list-text\">\n\t\t\t\t\t\t\t\t\t<div class=\"elementor-price-list-header\">\n\t\t\t\t\t\t\t\t\t\t\t<span class=\"elementor-price-list-title\">\n\t\t\t\t\t\t\tKarahi Ente\t\t\t\t\t\t<\/span>\n\t\t\t\t\t\t\t\t\t\t\t\t\t\t\t\t\t\t<span class=\"elementor-price-list-separator\"><\/span>\n\t\t\t\t\t\t\t\t\t\t\t\t\t\t\t\t\t\t\t<span class=\"elementor-price-list-price\">16.50 \u20ac<\/span>\n\t\t\t\t\t\t\t\t\t\t<\/div>\n\t\t\t\t\t\t\t\t\t\t\t\t\t\t\t<p class=\"elementor-price-list-description\">\n\t\t\t\t\t\t\tmit Entenfleisch in Currysauce,\nPaprika und Zwiebeln\n\t\t\t\t\t\t<\/p>\n\t\t\t\t\t\t\t\t<\/div>\n\t\t\t\t<\/a><\/li>\t\t\t\t\t\t\t\t\t\t\t\t<li><a class=\"elementor-price-list-item\" href=\"#\">\t\t\t\t\n\t\t\t\t<div class=\"elementor-price-list-text\">\n\t\t\t\t\t\t\t\t\t<div class=\"elementor-price-list-header\">\n\t\t\t\t\t\t\t\t\t\t\t<span class=\"elementor-price-list-title\">\n\t\t\t\t\t\t\tEnte Palak\t\t\t\t\t\t<\/span>\n\t\t\t\t\t\t\t\t\t\t\t\t\t\t\t\t\t\t<span class=\"elementor-price-list-separator\"><\/span>\n\t\t\t\t\t\t\t\t\t\t\t\t\t\t\t\t\t\t\t<span class=\"elementor-price-list-price\">16.50 \u20ac<\/span>\n\t\t\t\t\t\t\t\t\t\t<\/div>\n\t\t\t\t\t\t\t\t\t\t\t\t\t\t\t<p class=\"elementor-price-list-description\">\n\t\t\t\t\t\t\tEntenfleisch mit\nSpinat\t\t\t\t\t\t<\/p>\n\t\t\t\t\t\t\t\t<\/div>\n\t\t\t\t<\/a><\/li>\t\t\t\t\t\t\t\t\t\t\t\t<li><a class=\"elementor-price-list-item\" href=\"#\">\t\t\t\t\n\t\t\t\t<div class=\"elementor-price-list-text\">\n\t\t\t\t\t\t\t\t\t<div class=\"elementor-price-list-header\">\n\t\t\t\t\t\t\t\t\t\t\t<span class=\"elementor-price-list-title\">\n\t\t\t\t\t\t\tEnte Khumb Wala\t\t\t\t\t\t<\/span>\n\t\t\t\t\t\t\t\t\t\t\t\t\t\t\t\t\t\t<span class=\"elementor-price-list-separator\"><\/span>\n\t\t\t\t\t\t\t\t\t\t\t\t\t\t\t\t\t\t\t<span class=\"elementor-price-list-price\">16.50 \u20ac<\/span>\n\t\t\t\t\t\t\t\t\t\t<\/div>\n\t\t\t\t\t\t\t\t\t\t\t\t\t\t\t<p class=\"elementor-price-list-description\">\n\t\t\t\t\t\t\tmit Entenfleisch, Champignons in MandelSahne-Currysauce\t\t\t\t\t\t<\/p>\n\t\t\t\t\t\t\t\t<\/div>\n\t\t\t\t<\/a><\/li>\t\t\t\t\t\t\t\t\t\t\t\t<li><a class=\"elementor-price-list-item\" href=\"#\">\t\t\t\t\n\t\t\t\t<div class=\"elementor-price-list-text\">\n\t\t\t\t\t\t\t\t\t<div class=\"elementor-price-list-header\">\n\t\t\t\t\t\t\t\t\t\t\t<span class=\"elementor-price-list-title\">\n\t\t\t\t\t\t\tEnte Nilgiri\t\t\t\t\t\t<\/span>\n\t\t\t\t\t\t\t\t\t\t\t\t\t\t\t\t\t\t<span class=\"elementor-price-list-separator\"><\/span>\n\t\t\t\t\t\t\t\t\t\t\t\t\t\t\t\t\t\t\t<span class=\"elementor-price-list-price\">16.50 \u20ac<\/span>\n\t\t\t\t\t\t\t\t\t\t<\/div>\n\t\t\t\t\t\t\t\t\t\t\t\t\t\t\t<p class=\"elementor-price-list-description\">\n\t\t\t\t\t\t\tmit Entenfleisch in orientalischer Kr\u00e4utersauce,\nKokosmilch, gr\u00fcnem Chili, Minze und Spinat,\nscharf\t\t\t\t\t\t<\/p>\n\t\t\t\t\t\t\t\t<\/div>\n\t\t\t\t<\/a><\/li>\t\t\t\t\t\n\t\t<\/ul>\n\n\t\t\t\t\t\t<\/div>\n\t\t\t\t<div class=\"elementor-element elementor-element-9b39ca0 elementor-align-center elementor-widget elementor-widget-button\" data-id=\"9b39ca0\" data-element_type=\"widget\" data-e-type=\"widget\" data-widget_type=\"button.default\">\n\t\t\t\t\t\t\t\t\t\t<a class=\"elementor-button elementor-button-link elementor-size-sm\" href=\"https:\/\/www.foodbooking.com\/api\/fb\/1_y_e_y4\">\n\t\t\t\t\t\t<span class=\"elementor-button-content-wrapper\">\n\t\t\t\t\t\t\t\t\t<span class=\"elementor-button-text\">Jetzt bestellen<\/span>\n\t\t\t\t\t<\/span>\n\t\t\t\t\t<\/a>\n\t\t\t\t\t\t\t\t<\/div>\n\t\t\t\t<\/div>\n\t\t\t\t\t<\/div>\n\t\t\t\t<\/div>\n\t\t\t\t<\/div>","protected":false},"excerpt":{"rendered":"<p>Enten Spezialit\u00e4ten Enten Spezialit\u00e4ten Mango Ente 16.50 \u20ac mit Entenfleisch in Mandel-, MangoCashewnuss-Sauce Ente Jalfrezi 16.50 \u20ac mit Entenfleisch, Paprika, Zwiebeln, Tomaten und gr\u00fcner Chili, scharf Ente Vindaloo 16.50 \u20ac Entenfleisch mit Kartoffelst\u00fccken in sehr scharfer Sauce Karahi Ente 16.50 \u20ac mit Entenfleisch in Currysauce, Paprika und Zwiebeln Ente Palak 16.50 \u20ac Entenfleisch mit Spinat [&hellip;]<\/p>\n","protected":false},"author":11,"featured_media":0,"parent":0,"menu_order":0,"comment_status":"closed","ping_status":"closed","template":"elementor_header_footer","meta":{"footnotes":""},"class_list":["post-1480","page","type-page","status-publish","hentry"],"yoast_head":"<!-- This site is optimized with the Yoast SEO plugin v27.5 - https:\/\/yoast.com\/product\/yoast-seo-wordpress\/ -->\n<title>Enten Spezialit\u00e4ten - Sagar Geldern<\/title>\n<meta name=\"robots\" content=\"index, follow, max-snippet:-1, max-image-preview:large, max-video-preview:-1\" \/>\n<link rel=\"canonical\" href=\"https:\/\/sagargeldern.com\/de\/enten-spezialitaten\/\" \/>\n<meta property=\"og:locale\" content=\"de_DE\" \/>\n<meta property=\"og:type\" content=\"article\" \/>\n<meta property=\"og:title\" content=\"Enten Spezialit\u00e4ten - Sagar Geldern\" \/>\n<meta property=\"og:description\" content=\"Enten Spezialit\u00e4ten Enten Spezialit\u00e4ten Mango Ente 16.50 \u20ac mit Entenfleisch in Mandel-, MangoCashewnuss-Sauce Ente Jalfrezi 16.50 \u20ac mit Entenfleisch, Paprika, Zwiebeln, Tomaten und gr\u00fcner Chili, scharf Ente Vindaloo 16.50 \u20ac Entenfleisch mit Kartoffelst\u00fccken in sehr scharfer Sauce Karahi Ente 16.50 \u20ac mit Entenfleisch in Currysauce, Paprika und Zwiebeln Ente Palak 16.50 \u20ac Entenfleisch mit Spinat [&hellip;]\" \/>\n<meta property=\"og:url\" content=\"https:\/\/sagargeldern.com\/de\/enten-spezialitaten\/\" \/>\n<meta property=\"og:site_name\" content=\"Sagar Geldern\" \/>\n<meta property=\"article:modified_time\" content=\"2025-07-22T06:40:29+00:00\" \/>\n<meta property=\"og:image\" content=\"https:\/\/sagargeldern.com\/wp-content\/uploads\/2025\/04\/image.webp\" \/>\n<meta name=\"twitter:card\" content=\"summary_large_image\" \/>\n<script type=\"application\/ld+json\" class=\"yoast-schema-graph\">{\"@context\":\"https:\\\/\\\/schema.org\",\"@graph\":[{\"@type\":\"WebPage\",\"@id\":\"https:\\\/\\\/sagargeldern.com\\\/en_us\\\/enten-spezialitaten\\\/\",\"url\":\"https:\\\/\\\/sagargeldern.com\\\/en_us\\\/enten-spezialitaten\\\/\",\"name\":\"Enten Spezialit\u00e4ten - Sagar Geldern\",\"isPartOf\":{\"@id\":\"https:\\\/\\\/sagargeldern.com\\\/#website\"},\"primaryImageOfPage\":{\"@id\":\"https:\\\/\\\/sagargeldern.com\\\/en_us\\\/enten-spezialitaten\\\/#primaryimage\"},\"image\":{\"@id\":\"https:\\\/\\\/sagargeldern.com\\\/en_us\\\/enten-spezialitaten\\\/#primaryimage\"},\"thumbnailUrl\":\"https:\\\/\\\/sagargeldern.com\\\/wp-content\\\/uploads\\\/2025\\\/04\\\/image.webp\",\"datePublished\":\"2025-05-11T09:33:15+00:00\",\"dateModified\":\"2025-07-22T06:40:29+00:00\",\"breadcrumb\":{\"@id\":\"https:\\\/\\\/sagargeldern.com\\\/en_us\\\/enten-spezialitaten\\\/#breadcrumb\"},\"inLanguage\":\"de\",\"potentialAction\":[{\"@type\":\"ReadAction\",\"target\":[\"https:\\\/\\\/sagargeldern.com\\\/en_us\\\/enten-spezialitaten\\\/\"]}]},{\"@type\":\"ImageObject\",\"inLanguage\":\"de\",\"@id\":\"https:\\\/\\\/sagargeldern.com\\\/en_us\\\/enten-spezialitaten\\\/#primaryimage\",\"url\":\"https:\\\/\\\/sagargeldern.com\\\/wp-content\\\/uploads\\\/2025\\\/04\\\/image.webp\",\"contentUrl\":\"https:\\\/\\\/sagargeldern.com\\\/wp-content\\\/uploads\\\/2025\\\/04\\\/image.webp\"},{\"@type\":\"BreadcrumbList\",\"@id\":\"https:\\\/\\\/sagargeldern.com\\\/en_us\\\/enten-spezialitaten\\\/#breadcrumb\",\"itemListElement\":[{\"@type\":\"ListItem\",\"position\":1,\"name\":\"Home\",\"item\":\"https:\\\/\\\/sagargeldern.com\\\/en_us\\\/\"},{\"@type\":\"ListItem\",\"position\":2,\"name\":\"Enten Spezialit\u00e4ten\"}]},{\"@type\":\"WebSite\",\"@id\":\"https:\\\/\\\/sagargeldern.com\\\/#website\",\"url\":\"https:\\\/\\\/sagargeldern.com\\\/\",\"name\":\"Sagar Geldern\",\"description\":\"Indian restaurant\",\"publisher\":{\"@id\":\"https:\\\/\\\/sagargeldern.com\\\/#organization\"},\"potentialAction\":[{\"@type\":\"SearchAction\",\"target\":{\"@type\":\"EntryPoint\",\"urlTemplate\":\"https:\\\/\\\/sagargeldern.com\\\/?s={search_term_string}\"},\"query-input\":{\"@type\":\"PropertyValueSpecification\",\"valueRequired\":true,\"valueName\":\"search_term_string\"}}],\"inLanguage\":\"de\"},{\"@type\":\"Organization\",\"@id\":\"https:\\\/\\\/sagargeldern.com\\\/#organization\",\"name\":\"Sagar Geldern\",\"url\":\"https:\\\/\\\/sagargeldern.com\\\/\",\"logo\":{\"@type\":\"ImageObject\",\"inLanguage\":\"de\",\"@id\":\"https:\\\/\\\/sagargeldern.com\\\/#\\\/schema\\\/logo\\\/image\\\/\",\"url\":\"https:\\\/\\\/sagargeldern.com\\\/wp-content\\\/uploads\\\/2025\\\/04\\\/lgog-removebg-preview.png\",\"contentUrl\":\"https:\\\/\\\/sagargeldern.com\\\/wp-content\\\/uploads\\\/2025\\\/04\\\/lgog-removebg-preview.png\",\"width\":544,\"height\":405,\"caption\":\"Sagar Geldern\"},\"image\":{\"@id\":\"https:\\\/\\\/sagargeldern.com\\\/#\\\/schema\\\/logo\\\/image\\\/\"}}]}<\/script>\n<!-- \/ Yoast SEO plugin. -->","yoast_head_json":{"title":"Enten Spezialit\u00e4ten - Sagar Geldern","robots":{"index":"index","follow":"follow","max-snippet":"max-snippet:-1","max-image-preview":"max-image-preview:large","max-video-preview":"max-video-preview:-1"},"canonical":"https:\/\/sagargeldern.com\/de\/enten-spezialitaten\/","og_locale":"de_DE","og_type":"article","og_title":"Enten Spezialit\u00e4ten - Sagar Geldern","og_description":"Enten Spezialit\u00e4ten Enten Spezialit\u00e4ten Mango Ente 16.50 \u20ac mit Entenfleisch in Mandel-, MangoCashewnuss-Sauce Ente Jalfrezi 16.50 \u20ac mit Entenfleisch, Paprika, Zwiebeln, Tomaten und gr\u00fcner Chili, scharf Ente Vindaloo 16.50 \u20ac Entenfleisch mit Kartoffelst\u00fccken in sehr scharfer Sauce Karahi Ente 16.50 \u20ac mit Entenfleisch in Currysauce, Paprika und Zwiebeln Ente Palak 16.50 \u20ac Entenfleisch mit Spinat [&hellip;]","og_url":"https:\/\/sagargeldern.com\/de\/enten-spezialitaten\/","og_site_name":"Sagar Geldern","article_modified_time":"2025-07-22T06:40:29+00:00","og_image":[{"url":"https:\/\/sagargeldern.com\/wp-content\/uploads\/2025\/04\/image.webp","type":"","width":"","height":""}],"twitter_card":"summary_large_image","schema":{"@context":"https:\/\/schema.org","@graph":[{"@type":"WebPage","@id":"https:\/\/sagargeldern.com\/en_us\/enten-spezialitaten\/","url":"https:\/\/sagargeldern.com\/en_us\/enten-spezialitaten\/","name":"Enten Spezialit\u00e4ten - Sagar Geldern","isPartOf":{"@id":"https:\/\/sagargeldern.com\/#website"},"primaryImageOfPage":{"@id":"https:\/\/sagargeldern.com\/en_us\/enten-spezialitaten\/#primaryimage"},"image":{"@id":"https:\/\/sagargeldern.com\/en_us\/enten-spezialitaten\/#primaryimage"},"thumbnailUrl":"https:\/\/sagargeldern.com\/wp-content\/uploads\/2025\/04\/image.webp","datePublished":"2025-05-11T09:33:15+00:00","dateModified":"2025-07-22T06:40:29+00:00","breadcrumb":{"@id":"https:\/\/sagargeldern.com\/en_us\/enten-spezialitaten\/#breadcrumb"},"inLanguage":"de","potentialAction":[{"@type":"ReadAction","target":["https:\/\/sagargeldern.com\/en_us\/enten-spezialitaten\/"]}]},{"@type":"ImageObject","inLanguage":"de","@id":"https:\/\/sagargeldern.com\/en_us\/enten-spezialitaten\/#primaryimage","url":"https:\/\/sagargeldern.com\/wp-content\/uploads\/2025\/04\/image.webp","contentUrl":"https:\/\/sagargeldern.com\/wp-content\/uploads\/2025\/04\/image.webp"},{"@type":"BreadcrumbList","@id":"https:\/\/sagargeldern.com\/en_us\/enten-spezialitaten\/#breadcrumb","itemListElement":[{"@type":"ListItem","position":1,"name":"Home","item":"https:\/\/sagargeldern.com\/en_us\/"},{"@type":"ListItem","position":2,"name":"Enten Spezialit\u00e4ten"}]},{"@type":"WebSite","@id":"https:\/\/sagargeldern.com\/#website","url":"https:\/\/sagargeldern.com\/","name":"Sagar Geldern","description":"Indian restaurant","publisher":{"@id":"https:\/\/sagargeldern.com\/#organization"},"potentialAction":[{"@type":"SearchAction","target":{"@type":"EntryPoint","urlTemplate":"https:\/\/sagargeldern.com\/?s={search_term_string}"},"query-input":{"@type":"PropertyValueSpecification","valueRequired":true,"valueName":"search_term_string"}}],"inLanguage":"de"},{"@type":"Organization","@id":"https:\/\/sagargeldern.com\/#organization","name":"Sagar Geldern","url":"https:\/\/sagargeldern.com\/","logo":{"@type":"ImageObject","inLanguage":"de","@id":"https:\/\/sagargeldern.com\/#\/schema\/logo\/image\/","url":"https:\/\/sagargeldern.com\/wp-content\/uploads\/2025\/04\/lgog-removebg-preview.png","contentUrl":"https:\/\/sagargeldern.com\/wp-content\/uploads\/2025\/04\/lgog-removebg-preview.png","width":544,"height":405,"caption":"Sagar Geldern"},"image":{"@id":"https:\/\/sagargeldern.com\/#\/schema\/logo\/image\/"}}]}},"brizy_media":[],"_links":{"self":[{"href":"https:\/\/sagargeldern.com\/de\/wp-json\/wp\/v2\/pages\/1480","targetHints":{"allow":["GET"]}}],"collection":[{"href":"https:\/\/sagargeldern.com\/de\/wp-json\/wp\/v2\/pages"}],"about":[{"href":"https:\/\/sagargeldern.com\/de\/wp-json\/wp\/v2\/types\/page"}],"author":[{"embeddable":true,"href":"https:\/\/sagargeldern.com\/de\/wp-json\/wp\/v2\/users\/11"}],"replies":[{"embeddable":true,"href":"https:\/\/sagargeldern.com\/de\/wp-json\/wp\/v2\/comments?post=1480"}],"version-history":[{"count":0,"href":"https:\/\/sagargeldern.com\/de\/wp-json\/wp\/v2\/pages\/1480\/revisions"}],"wp:attachment":[{"href":"https:\/\/sagargeldern.com\/de\/wp-json\/wp\/v2\/media?parent=1480"}],"curies":[{"name":"wp","href":"https:\/\/api.w.org\/{rel}","templated":true}]}}