{"id":2209,"date":"2025-06-01T09:10:26","date_gmt":"2025-06-01T09:10:26","guid":{"rendered":"https:\/\/sagargeldern.com?page_id=2209"},"modified":"2025-06-22T11:54:27","modified_gmt":"2025-06-22T11:54:27","slug":"services","status":"publish","type":"page","link":"https:\/\/sagargeldern.com\/de\/services\/","title":{"rendered":"Dienstleistungen"},"content":{"rendered":"<div data-elementor-type=\"wp-page\" data-elementor-id=\"2209\" class=\"elementor elementor-2209\" data-elementor-post-type=\"page\">\n\t\t\t\t<div class=\"elementor-element elementor-element-a65bf12 e-flex e-con-boxed e-con e-parent\" data-id=\"a65bf12\" data-element_type=\"container\" data-e-type=\"container\" data-settings=\"{&quot;background_background&quot;:&quot;classic&quot;}\">\n\t\t\t\t\t<div class=\"e-con-inner\">\n\t\t<div class=\"elementor-element elementor-element-8e5d3e4 e-con-full e-flex e-con e-child\" data-id=\"8e5d3e4\" data-element_type=\"container\" data-e-type=\"container\" data-settings=\"{&quot;background_background&quot;:&quot;classic&quot;}\">\n\t\t\t\t<div class=\"elementor-element elementor-element-e15cdd9 elementor-widget elementor-widget-heading\" data-id=\"e15cdd9\" data-element_type=\"widget\" data-e-type=\"widget\" data-widget_type=\"heading.default\">\n\t\t\t\t\t<h2 class=\"elementor-heading-title elementor-size-default\">Dienstleistungen<\/h2>\t\t\t\t<\/div>\n\t\t\t\t<\/div>\n\t\t\t\t\t<\/div>\n\t\t\t\t<\/div>\n\t\t<div class=\"elementor-element elementor-element-0fc2374 e-flex e-con-boxed e-con e-parent\" data-id=\"0fc2374\" data-element_type=\"container\" data-e-type=\"container\" data-settings=\"{&quot;background_background&quot;:&quot;classic&quot;}\">\n\t\t\t\t\t<div class=\"e-con-inner\">\n\t\t<div class=\"elementor-element elementor-element-012c882 e-con-full e-flex e-con e-child\" data-id=\"012c882\" data-element_type=\"container\" data-e-type=\"container\">\n\t\t\t\t<div class=\"elementor-element elementor-element-de9473a elementor-widget elementor-widget-spacer\" data-id=\"de9473a\" data-element_type=\"widget\" data-e-type=\"widget\" data-widget_type=\"spacer.default\">\n\t\t\t\t\t\t\t<div class=\"elementor-spacer\">\n\t\t\t<div class=\"elementor-spacer-inner\"><\/div>\n\t\t<\/div>\n\t\t\t\t\t\t<\/div>\n\t\t\t\t<\/div>\n\t\t\t\t\t<\/div>\n\t\t\t\t<\/div>\n\t\t<div class=\"elementor-element elementor-element-c4d1433 e-flex e-con-boxed e-con e-parent\" data-id=\"c4d1433\" data-element_type=\"container\" data-e-type=\"container\">\n\t\t\t\t\t<div class=\"e-con-inner\">\n\t\t\t\t<div class=\"elementor-element elementor-element-ee87ce2 elementor-invisible elementor-widget elementor-widget-heading\" data-id=\"ee87ce2\" data-element_type=\"widget\" data-e-type=\"widget\" data-settings=\"{&quot;_animation&quot;:&quot;slideInRight&quot;}\" data-widget_type=\"heading.default\">\n\t\t\t\t\t<h1 class=\"elementor-heading-title elementor-size-default\">Erweitern Sie Ihr Event mit dem Au\u00dfergew\u00f6hnlichen Catering von Sagar Restaurant in Geldern<\/h1>\t\t\t\t<\/div>\n\t\t\t\t\t<\/div>\n\t\t\t\t<\/div>\n\t\t<div class=\"elementor-element elementor-element-157a1d9 e-flex e-con-boxed e-con e-parent\" data-id=\"157a1d9\" data-element_type=\"container\" data-e-type=\"container\" data-settings=\"{&quot;background_background&quot;:&quot;classic&quot;}\">\n\t\t\t\t\t<div class=\"e-con-inner\">\n\t\t<div class=\"elementor-element elementor-element-ddb583b e-con-full e-flex e-con e-child\" data-id=\"ddb583b\" data-element_type=\"container\" data-e-type=\"container\">\n\t\t\t\t<div class=\"elementor-element elementor-element-45df808 elementor-widget elementor-widget-text-editor\" data-id=\"45df808\" data-element_type=\"widget\" data-e-type=\"widget\" data-widget_type=\"text-editor.default\">\n\t\t\t\t\t\t\t\t\t<p>M\u00f6chten Sie Ihre G\u00e4ste mit einzigartigen Geschmacksrichtungen und makellosem Service beeindrucken? Ihre Suche endet im Sagar Restaurant in Geldern. Wir bieten preisg\u00fcnstige Catering-Services f\u00fcr alle Feierlichkeiten. Unsere Dienstleistungen bringen authentische, k\u00f6stliche Gerichte auf den Tisch f\u00fcr wichtige Anl\u00e4sse wie Hochzeiten, Firmenveranstaltungen, Kitty-Partys, Geburtstage und Feste.<\/p><p>Als f\u00fchrendes Restaurant in Geldern liefern wir nicht nur Essen, sondern schaffen wundervolle Erlebnisse. Mit jahrelanger Erfahrung im Bereich indisches und Multi-Cuisine-Catering bereiten unsere K\u00f6che jedes Gericht pr\u00e4zise und mit superfrischen Zutaten zu. Unsere Dienstleistungen machen Ihr Event zu etwas ganz Besonderem.<\/p>\t\t\t\t\t\t\t\t<\/div>\n\t\t\t\t<div class=\"elementor-element elementor-element-c643935 elementor-widget elementor-widget-button\" data-id=\"c643935\" data-element_type=\"widget\" data-e-type=\"widget\" data-widget_type=\"button.default\">\n\t\t\t\t\t\t\t\t\t\t<a class=\"elementor-button elementor-button-link elementor-size-sm\" href=\"https:\/\/sagargeldern.com\/de\/contact-us\/\">\n\t\t\t\t\t\t<span class=\"elementor-button-content-wrapper\">\n\t\t\t\t\t\t\t\t\t<span class=\"elementor-button-text\">Angebot anfordern<\/span>\n\t\t\t\t\t<\/span>\n\t\t\t\t\t<\/a>\n\t\t\t\t\t\t\t\t<\/div>\n\t\t\t\t<\/div>\n\t\t<div class=\"elementor-element elementor-element-3203fbf e-con-full e-flex e-con e-child\" data-id=\"3203fbf\" data-element_type=\"container\" data-e-type=\"container\">\n\t\t\t\t<div class=\"elementor-element elementor-element-091a514 elementor-widget elementor-widget-image\" data-id=\"091a514\" data-element_type=\"widget\" data-e-type=\"widget\" data-widget_type=\"image.default\">\n\t\t\t\t\t\t\t\t\t\t\t\t\t\t\t<img fetchpriority=\"high\" decoding=\"async\" width=\"800\" height=\"533\" src=\"https:\/\/sagargeldern.com\/wp-content\/uploads\/2025\/06\/13049-1024x682.webp\" class=\"attachment-large size-large wp-image-2343\" alt=\"\" srcset=\"https:\/\/sagargeldern.com\/wp-content\/uploads\/2025\/06\/13049-1024x682.webp 1024w, https:\/\/sagargeldern.com\/wp-content\/uploads\/2025\/06\/13049-300x200.webp 300w, https:\/\/sagargeldern.com\/wp-content\/uploads\/2025\/06\/13049-768x512.webp 768w, https:\/\/sagargeldern.com\/wp-content\/uploads\/2025\/06\/13049-1536x1024.webp 1536w, https:\/\/sagargeldern.com\/wp-content\/uploads\/2025\/06\/13049.webp 1920w\" sizes=\"(max-width: 800px) 100vw, 800px\" \/>\t\t\t\t\t\t\t\t\t\t\t\t\t\t\t<\/div>\n\t\t\t\t<\/div>\n\t\t\t\t\t<\/div>\n\t\t\t\t<\/div>\n\t\t<div class=\"elementor-element elementor-element-479bced e-flex e-con-boxed e-con e-parent\" data-id=\"479bced\" data-element_type=\"container\" data-e-type=\"container\" data-settings=\"{&quot;background_background&quot;:&quot;classic&quot;}\">\n\t\t\t\t\t<div class=\"e-con-inner\">\n\t\t<div class=\"elementor-element elementor-element-ce42372 e-con-full e-flex e-con e-child\" data-id=\"ce42372\" data-element_type=\"container\" data-e-type=\"container\">\n\t\t\t\t<div class=\"elementor-element elementor-element-d7c5f6b elementor-widget elementor-widget-heading\" data-id=\"d7c5f6b\" data-element_type=\"widget\" data-e-type=\"widget\" data-widget_type=\"heading.default\">\n\t\t\t\t\t<h5 class=\"elementor-heading-title elementor-size-default\">Nehmen Sie Kontakt auf<\/h5>\t\t\t\t<\/div>\n\t\t\t\t<div class=\"elementor-element elementor-element-73cdb6d elementor-invisible elementor-widget elementor-widget-heading\" data-id=\"73cdb6d\" data-element_type=\"widget\" data-e-type=\"widget\" data-settings=\"{&quot;_animation&quot;:&quot;slideInLeft&quot;}\" data-widget_type=\"heading.default\">\n\t\t\t\t\t<h2 class=\"elementor-heading-title elementor-size-default\">Was Unsere Catering-Services von Anderen Anbietern Unterscheidet\n<\/h2>\t\t\t\t<\/div>\n\t\t\t\t<div class=\"elementor-element elementor-element-eee7489 elementor-widget elementor-widget-image\" data-id=\"eee7489\" data-element_type=\"widget\" data-e-type=\"widget\" data-widget_type=\"image.default\">\n\t\t\t\t\t\t\t\t\t\t\t\t\t\t\t<img decoding=\"async\" width=\"212\" height=\"24\" src=\"https:\/\/sagargeldern.com\/wp-content\/uploads\/2025\/04\/image.webp\" class=\"attachment-medium size-medium wp-image-813\" alt=\"\" \/>\t\t\t\t\t\t\t\t\t\t\t\t\t\t\t<\/div>\n\t\t\t\t<div class=\"elementor-element elementor-element-3ef6c34 elementor-widget elementor-widget-text-editor\" data-id=\"3ef6c34\" data-element_type=\"widget\" data-e-type=\"widget\" data-widget_type=\"text-editor.default\">\n\t\t\t\t\t\t\t\t\tWir verstehen die Bedeutung Ihrer besonderen Momente. Deshalb arbeitet unser Catering-Personal gewissenhaft daran, Ihre einzigartigen Anforderungen von der Men\u00fcplanung bis zur endg\u00fcltigen Ausf\u00fchrung zu erf\u00fcllen. Das Hauptziel unserer Dienstleistungen ist es, ein reibungsloses, stressfreies Erlebnis wie nie zuvor zu gew\u00e4hrleisten. Ben\u00f6tigen Sie au\u00dferdem Live-Kochstationen oder spezielle K\u00fcchenempfehlungen? Wir helfen Ihnen gerne weiter: \n\t\t\t\t\t\t\t\t<\/div>\n\t\t\t\t<div class=\"elementor-element elementor-element-e6ddc0a elementor-widget elementor-widget-elementskit-tablepress\" data-id=\"e6ddc0a\" data-element_type=\"widget\" data-e-type=\"widget\" data-widget_type=\"elementskit-tablepress.default\">\n\t\t\t\t<div class=\"elementor-widget-container\">\n\t\t\t\t\t<div class=\"elemenetskit-tablepress ekit-wid-con\" id=\"ekit_tablepress_e6ddc0a\">\n<table id=\"tablepress-1\" class=\"tablepress tablepress-id-1\">\n<thead>\n<tr class=\"row-1\">\n\t<th class=\"column-1\">Merkmal<\/th><th class=\"column-2\">Sagar's Catering<\/th><th class=\"column-3\">Andere Caterer<\/th>\n<\/tr>\n<\/thead>\n<tbody class=\"row-striping row-hover\">\n<tr class=\"row-2\">\n\t<td class=\"column-1\">Anpassbares Men\u00fc<\/td><td class=\"column-2\">Ja<\/td><td class=\"column-3\">Eingeschr\u00e4nkte Optionen<\/td>\n<\/tr>\n<tr class=\"row-3\">\n\t<td class=\"column-1\">Traditionelle Gew\u00fcrze<\/td><td class=\"column-2\">Vom Koch kreiert<\/td><td class=\"column-3\">Einheitlicher Geschmack<\/td>\n<\/tr>\n<tr class=\"row-4\">\n\t<td class=\"column-1\">Live-Stationen verf\u00fcgbar<\/td><td class=\"column-2\">Auf Anfrage<\/td><td class=\"column-3\">Selten verf\u00fcgbar<\/td>\n<\/tr>\n<tr class=\"row-5\">\n\t<td class=\"column-1\">Engagierter Eventmanager<\/td><td class=\"column-2\">Inklusive<\/td><td class=\"column-3\">Zus\u00e4tzliche Kosten<\/td>\n<\/tr>\n<tr class=\"row-6\">\n\t<td class=\"column-1\">Vegetarische &amp; Vegane Optionen<\/td><td class=\"column-2\">Exklusive Auswahl<\/td><td class=\"column-3\">Wenige Optionen<\/td>\n<\/tr>\n<tr class=\"row-7\">\n\t<td class=\"column-1\">Erfahrung mit Gro\u00dfveranstaltungen<\/td><td class=\"column-2\">\u00dcber 500 Events betreut<\/td><td class=\"column-3\">Begrenzte Erfahrung<\/td>\n<\/tr>\n<\/tbody>\n<\/table>\n<!-- #tablepress-1 from cache --><\/div>\t\t\t\t<\/div>\n\t\t\t\t<\/div>\n\t\t\t\t<\/div>\n\t\t\t\t\t<\/div>\n\t\t\t\t<\/div>\n\t\t<div class=\"elementor-element elementor-element-f55b1f1 e-flex e-con-boxed e-con e-parent\" data-id=\"f55b1f1\" data-element_type=\"container\" data-e-type=\"container\" data-settings=\"{&quot;background_background&quot;:&quot;classic&quot;}\">\n\t\t\t\t\t<div class=\"e-con-inner\">\n\t\t\t\t<div class=\"elementor-element elementor-element-6179a79 elementor-invisible elementor-widget elementor-widget-heading\" data-id=\"6179a79\" data-element_type=\"widget\" data-e-type=\"widget\" data-settings=\"{&quot;_animation&quot;:&quot;slideInRight&quot;}\" data-widget_type=\"heading.default\">\n\t\t\t\t\t<h3 class=\"elementor-heading-title elementor-size-default\">Unglaubliche Vorteile, die Sie durch unser Catering erhalten<\/h3>\t\t\t\t<\/div>\n\t\t\t\t<div class=\"elementor-element elementor-element-3d91f43 elementor-widget elementor-widget-text-editor\" data-id=\"3d91f43\" data-element_type=\"widget\" data-e-type=\"widget\" data-widget_type=\"text-editor.default\">\n\t\t\t\t\t\t\t\t\tUnsere Catering-Dienstleistungen sind nicht nur ein Service, sondern auch ein Beweis f\u00fcr ein professionelles kulinarisches Erlebnis. Die Nutzung unseres Caterings bietet unseren Kunden, die ihre kostbaren Momente mit uns feiern m\u00f6chten, viele Vorteile. Hier sind die Vorteile, die Sie von unserem Catering-Service erwarten k\u00f6nnen: \t\t\t\t\t\t\t\t<\/div>\n\t\t\t\t\t<\/div>\n\t\t\t\t<\/div>\n\t\t<div class=\"elementor-element elementor-element-e30e741 e-flex e-con-boxed e-con e-parent\" data-id=\"e30e741\" data-element_type=\"container\" data-e-type=\"container\" data-settings=\"{&quot;background_background&quot;:&quot;classic&quot;}\">\n\t\t\t\t\t<div class=\"e-con-inner\">\n\t\t<div class=\"elementor-element elementor-element-e458e15 e-con-full e-flex e-con e-child\" data-id=\"e458e15\" data-element_type=\"container\" data-e-type=\"container\">\n\t\t\t\t<div class=\"elementor-element elementor-element-51a594a elementor-widget elementor-widget-text-editor\" data-id=\"51a594a\" data-element_type=\"widget\" data-e-type=\"widget\" data-widget_type=\"text-editor.default\">\n\t\t\t\t\t\t\t\t\t<ul><li style=\"font-weight: 400;\" aria-level=\"1\"><span style=\"font-weight: 400;\"><strong>Ma\u00dfgeschneiderte Men\u00fcs \u2013<\/strong> Wir erstellen Men\u00fcs, die perfekt zu Ihrem Thema, Geschmack und Ihren Ern\u00e4hrungspr\u00e4ferenzen passen.<\/span><\/li><li style=\"font-weight: 400;\" aria-level=\"1\"><span style=\"font-weight: 400;\"><strong>Live-Kochstationen \u2013<\/strong> Sorgen Sie f\u00fcr Unterhaltung mit Live-Dosa-, Chaat- oder Tandoor-Stationen, die einen Hauch von Spannung hinzuf\u00fcgen.<\/span><\/li><li style=\"font-weight: 400;\" aria-level=\"1\"><span style=\"font-weight: 400;\"><strong>Erfahrenes Personal<\/strong> Unser professionelles Team ist bestrebt, einen reibungslosen Service von Anfang bis Ende zu gew\u00e4hrleisten.<\/span><\/li><li style=\"font-weight: 400;\" aria-level=\"1\"><span style=\"font-weight: 400;\"><strong>P\u00fcnktliche Lieferung \u2013<\/strong> Verlassen Sie sich auf uns f\u00fcr eine p\u00fcnktliche Einrichtung und Service, jedes Mal.<\/span><\/li><li style=\"font-weight: 400;\" aria-level=\"1\"><span style=\"font-weight: 400;\"><strong>Elegante Pr\u00e4sentation \u2013<\/strong> Wir sorgen f\u00fcr stilvolles Anrichten und Dekor, das Ihre G\u00e4ste wirklich beeindrucken wird.<\/span><\/li><li style=\"font-weight: 400;\" aria-level=\"1\"><span style=\"font-weight: 400;\"><strong>Kostenloses Probemen\u00fc \u2013<\/strong> Probieren Sie Ihr Men\u00fc vor dem gro\u00dfen Tag, um sicherzustellen, dass es genau richtig ist.<\/span><\/li><li style=\"font-weight: 400;\" aria-level=\"1\"><span style=\"font-weight: 400;\"><strong>Sonderrabatte  \u2013<\/strong> Profitieren Sie von attraktiven Angeboten bei Gro\u00df- oder Wiederholungsbestellungen!<\/span><\/li><\/ul>\t\t\t\t\t\t\t\t<\/div>\n\t\t\t\t<div class=\"elementor-element elementor-element-d48f8ab elementor-widget elementor-widget-button\" data-id=\"d48f8ab\" data-element_type=\"widget\" data-e-type=\"widget\" data-widget_type=\"button.default\">\n\t\t\t\t\t\t\t\t\t\t<a class=\"elementor-button elementor-button-link elementor-size-sm\" href=\"https:\/\/sagargeldern.com\/de\/contact-us\/\">\n\t\t\t\t\t\t<span class=\"elementor-button-content-wrapper\">\n\t\t\t\t\t\t\t\t\t<span class=\"elementor-button-text\">Angebot anfordern<\/span>\n\t\t\t\t\t<\/span>\n\t\t\t\t\t<\/a>\n\t\t\t\t\t\t\t\t<\/div>\n\t\t\t\t<\/div>\n\t\t<div class=\"elementor-element elementor-element-35edc29 e-con-full e-flex e-con e-child\" data-id=\"35edc29\" data-element_type=\"container\" data-e-type=\"container\">\n\t\t\t\t<div class=\"elementor-element elementor-element-ce86154 elementor-widget elementor-widget-image\" data-id=\"ce86154\" data-element_type=\"widget\" data-e-type=\"widget\" data-widget_type=\"image.default\">\n\t\t\t\t\t\t\t\t\t\t\t\t\t\t\t<img decoding=\"async\" width=\"800\" height=\"533\" src=\"https:\/\/sagargeldern.com\/wp-content\/uploads\/2025\/06\/1263-1-1024x682.webp\" class=\"attachment-large size-large wp-image-2339\" alt=\"\" srcset=\"https:\/\/sagargeldern.com\/wp-content\/uploads\/2025\/06\/1263-1-1024x682.webp 1024w, https:\/\/sagargeldern.com\/wp-content\/uploads\/2025\/06\/1263-1-300x200.webp 300w, https:\/\/sagargeldern.com\/wp-content\/uploads\/2025\/06\/1263-1-768x512.webp 768w, https:\/\/sagargeldern.com\/wp-content\/uploads\/2025\/06\/1263-1-1536x1024.webp 1536w, https:\/\/sagargeldern.com\/wp-content\/uploads\/2025\/06\/1263-1.webp 1920w\" sizes=\"(max-width: 800px) 100vw, 800px\" \/>\t\t\t\t\t\t\t\t\t\t\t\t\t\t\t<\/div>\n\t\t\t\t<\/div>\n\t\t\t\t\t<\/div>\n\t\t\t\t<\/div>\n\t\t\t\t<\/div>","protected":false},"excerpt":{"rendered":"<p>Services Skyrocket Your Experience with the Exceptional Catering Services Looking to impress your guests with unique flavors &amp; flawless service? Your search ends at Sagar Restaurant in Geldern. We offer pocket-friendly catering services for all celebrations. Our services bring authentic, delicious dishes to the table for major events like weddings, corporate functions, kitty parties, birthdays [&hellip;]<\/p>\n","protected":false},"author":11,"featured_media":0,"parent":0,"menu_order":0,"comment_status":"closed","ping_status":"closed","template":"elementor_header_footer","meta":{"footnotes":""},"class_list":["post-2209","page","type-page","status-publish","hentry"],"yoast_head":"<!-- This site is optimized with the Yoast SEO plugin v27.4 - https:\/\/yoast.com\/product\/yoast-seo-wordpress\/ -->\n<title>Services - Sagar Geldern<\/title>\n<meta name=\"robots\" content=\"index, follow, max-snippet:-1, max-image-preview:large, max-video-preview:-1\" \/>\n<link rel=\"canonical\" href=\"https:\/\/sagargeldern.com\/de\/services\/\" \/>\n<meta property=\"og:locale\" content=\"de_DE\" \/>\n<meta property=\"og:type\" content=\"article\" \/>\n<meta property=\"og:title\" content=\"Services - Sagar Geldern\" \/>\n<meta property=\"og:description\" content=\"Services Skyrocket Your Experience with the Exceptional Catering Services Looking to impress your guests with unique flavors &amp; flawless service? Your search ends at Sagar Restaurant in Geldern. We offer pocket-friendly catering services for all celebrations. Our services bring authentic, delicious dishes to the table for major events like weddings, corporate functions, kitty parties, birthdays [&hellip;]\" \/>\n<meta property=\"og:url\" content=\"https:\/\/sagargeldern.com\/de\/services\/\" \/>\n<meta property=\"og:site_name\" content=\"Sagar Geldern\" \/>\n<meta property=\"article:modified_time\" content=\"2025-06-22T11:54:27+00:00\" \/>\n<meta property=\"og:image\" content=\"https:\/\/sagargeldern.comwp-content\/uploads\/2025\/06\/13049-1024x682.webp\" \/>\n<meta name=\"twitter:card\" content=\"summary_large_image\" \/>\n<meta name=\"twitter:label1\" content=\"Gesch\u00e4tzte Lesezeit\" \/>\n\t<meta name=\"twitter:data1\" content=\"2\u00a0Minuten\" \/>\n<script type=\"application\/ld+json\" class=\"yoast-schema-graph\">{\"@context\":\"https:\\\/\\\/schema.org\",\"@graph\":[{\"@type\":\"WebPage\",\"@id\":\"https:\\\/\\\/sagargeldern.com\\\/de\\\/services\\\/\",\"url\":\"https:\\\/\\\/sagargeldern.com\\\/de\\\/services\\\/\",\"name\":\"Services - Sagar Geldern\",\"isPartOf\":{\"@id\":\"https:\\\/\\\/sagargeldern.com\\\/#website\"},\"primaryImageOfPage\":{\"@id\":\"https:\\\/\\\/sagargeldern.com\\\/de\\\/services\\\/#primaryimage\"},\"image\":{\"@id\":\"https:\\\/\\\/sagargeldern.com\\\/de\\\/services\\\/#primaryimage\"},\"thumbnailUrl\":\"https:\\\/\\\/sagargeldern.comwp-content\\\/uploads\\\/2025\\\/06\\\/13049-1024x682.webp\",\"datePublished\":\"2025-06-01T09:10:26+00:00\",\"dateModified\":\"2025-06-22T11:54:27+00:00\",\"breadcrumb\":{\"@id\":\"https:\\\/\\\/sagargeldern.com\\\/de\\\/services\\\/#breadcrumb\"},\"inLanguage\":\"de\",\"potentialAction\":[{\"@type\":\"ReadAction\",\"target\":[\"https:\\\/\\\/sagargeldern.com\\\/de\\\/services\\\/\"]}]},{\"@type\":\"ImageObject\",\"inLanguage\":\"de\",\"@id\":\"https:\\\/\\\/sagargeldern.com\\\/de\\\/services\\\/#primaryimage\",\"url\":\"https:\\\/\\\/sagargeldern.comwp-content\\\/uploads\\\/2025\\\/06\\\/13049-1024x682.webp\",\"contentUrl\":\"https:\\\/\\\/sagargeldern.comwp-content\\\/uploads\\\/2025\\\/06\\\/13049-1024x682.webp\"},{\"@type\":\"BreadcrumbList\",\"@id\":\"https:\\\/\\\/sagargeldern.com\\\/de\\\/services\\\/#breadcrumb\",\"itemListElement\":[{\"@type\":\"ListItem\",\"position\":1,\"name\":\"Home\",\"item\":\"https:\\\/\\\/sagargeldern.com\\\/en_us\\\/\"},{\"@type\":\"ListItem\",\"position\":2,\"name\":\"Services\"}]},{\"@type\":\"WebSite\",\"@id\":\"https:\\\/\\\/sagargeldern.com\\\/#website\",\"url\":\"https:\\\/\\\/sagargeldern.com\\\/\",\"name\":\"Sagar Geldern\",\"description\":\"Indian restaurant\",\"publisher\":{\"@id\":\"https:\\\/\\\/sagargeldern.com\\\/#organization\"},\"potentialAction\":[{\"@type\":\"SearchAction\",\"target\":{\"@type\":\"EntryPoint\",\"urlTemplate\":\"https:\\\/\\\/sagargeldern.com\\\/?s={search_term_string}\"},\"query-input\":{\"@type\":\"PropertyValueSpecification\",\"valueRequired\":true,\"valueName\":\"search_term_string\"}}],\"inLanguage\":\"de\"},{\"@type\":\"Organization\",\"@id\":\"https:\\\/\\\/sagargeldern.com\\\/#organization\",\"name\":\"Sagar Geldern\",\"url\":\"https:\\\/\\\/sagargeldern.com\\\/\",\"logo\":{\"@type\":\"ImageObject\",\"inLanguage\":\"de\",\"@id\":\"https:\\\/\\\/sagargeldern.com\\\/#\\\/schema\\\/logo\\\/image\\\/\",\"url\":\"https:\\\/\\\/sagargeldern.com\\\/wp-content\\\/uploads\\\/2025\\\/04\\\/lgog-removebg-preview.png\",\"contentUrl\":\"https:\\\/\\\/sagargeldern.com\\\/wp-content\\\/uploads\\\/2025\\\/04\\\/lgog-removebg-preview.png\",\"width\":544,\"height\":405,\"caption\":\"Sagar Geldern\"},\"image\":{\"@id\":\"https:\\\/\\\/sagargeldern.com\\\/#\\\/schema\\\/logo\\\/image\\\/\"}}]}<\/script>\n<!-- \/ Yoast SEO plugin. -->","yoast_head_json":{"title":"Services - Sagar Geldern","robots":{"index":"index","follow":"follow","max-snippet":"max-snippet:-1","max-image-preview":"max-image-preview:large","max-video-preview":"max-video-preview:-1"},"canonical":"https:\/\/sagargeldern.com\/de\/services\/","og_locale":"de_DE","og_type":"article","og_title":"Services - Sagar Geldern","og_description":"Services Skyrocket Your Experience with the Exceptional Catering Services Looking to impress your guests with unique flavors &amp; flawless service? Your search ends at Sagar Restaurant in Geldern. We offer pocket-friendly catering services for all celebrations. Our services bring authentic, delicious dishes to the table for major events like weddings, corporate functions, kitty parties, birthdays [&hellip;]","og_url":"https:\/\/sagargeldern.com\/de\/services\/","og_site_name":"Sagar Geldern","article_modified_time":"2025-06-22T11:54:27+00:00","og_image":[{"url":"https:\/\/sagargeldern.comwp-content\/uploads\/2025\/06\/13049-1024x682.webp","type":"","width":"","height":""}],"twitter_card":"summary_large_image","twitter_misc":{"Gesch\u00e4tzte Lesezeit":"2\u00a0Minuten"},"schema":{"@context":"https:\/\/schema.org","@graph":[{"@type":"WebPage","@id":"https:\/\/sagargeldern.com\/de\/services\/","url":"https:\/\/sagargeldern.com\/de\/services\/","name":"Services - Sagar Geldern","isPartOf":{"@id":"https:\/\/sagargeldern.com\/#website"},"primaryImageOfPage":{"@id":"https:\/\/sagargeldern.com\/de\/services\/#primaryimage"},"image":{"@id":"https:\/\/sagargeldern.com\/de\/services\/#primaryimage"},"thumbnailUrl":"https:\/\/sagargeldern.comwp-content\/uploads\/2025\/06\/13049-1024x682.webp","datePublished":"2025-06-01T09:10:26+00:00","dateModified":"2025-06-22T11:54:27+00:00","breadcrumb":{"@id":"https:\/\/sagargeldern.com\/de\/services\/#breadcrumb"},"inLanguage":"de","potentialAction":[{"@type":"ReadAction","target":["https:\/\/sagargeldern.com\/de\/services\/"]}]},{"@type":"ImageObject","inLanguage":"de","@id":"https:\/\/sagargeldern.com\/de\/services\/#primaryimage","url":"https:\/\/sagargeldern.comwp-content\/uploads\/2025\/06\/13049-1024x682.webp","contentUrl":"https:\/\/sagargeldern.comwp-content\/uploads\/2025\/06\/13049-1024x682.webp"},{"@type":"BreadcrumbList","@id":"https:\/\/sagargeldern.com\/de\/services\/#breadcrumb","itemListElement":[{"@type":"ListItem","position":1,"name":"Home","item":"https:\/\/sagargeldern.com\/en_us\/"},{"@type":"ListItem","position":2,"name":"Services"}]},{"@type":"WebSite","@id":"https:\/\/sagargeldern.com\/#website","url":"https:\/\/sagargeldern.com\/","name":"Sagar Geldern","description":"Indian restaurant","publisher":{"@id":"https:\/\/sagargeldern.com\/#organization"},"potentialAction":[{"@type":"SearchAction","target":{"@type":"EntryPoint","urlTemplate":"https:\/\/sagargeldern.com\/?s={search_term_string}"},"query-input":{"@type":"PropertyValueSpecification","valueRequired":true,"valueName":"search_term_string"}}],"inLanguage":"de"},{"@type":"Organization","@id":"https:\/\/sagargeldern.com\/#organization","name":"Sagar Geldern","url":"https:\/\/sagargeldern.com\/","logo":{"@type":"ImageObject","inLanguage":"de","@id":"https:\/\/sagargeldern.com\/#\/schema\/logo\/image\/","url":"https:\/\/sagargeldern.com\/wp-content\/uploads\/2025\/04\/lgog-removebg-preview.png","contentUrl":"https:\/\/sagargeldern.com\/wp-content\/uploads\/2025\/04\/lgog-removebg-preview.png","width":544,"height":405,"caption":"Sagar Geldern"},"image":{"@id":"https:\/\/sagargeldern.com\/#\/schema\/logo\/image\/"}}]}},"brizy_media":[],"_links":{"self":[{"href":"https:\/\/sagargeldern.com\/de\/wp-json\/wp\/v2\/pages\/2209","targetHints":{"allow":["GET"]}}],"collection":[{"href":"https:\/\/sagargeldern.com\/de\/wp-json\/wp\/v2\/pages"}],"about":[{"href":"https:\/\/sagargeldern.com\/de\/wp-json\/wp\/v2\/types\/page"}],"author":[{"embeddable":true,"href":"https:\/\/sagargeldern.com\/de\/wp-json\/wp\/v2\/users\/11"}],"replies":[{"embeddable":true,"href":"https:\/\/sagargeldern.com\/de\/wp-json\/wp\/v2\/comments?post=2209"}],"version-history":[{"count":0,"href":"https:\/\/sagargeldern.com\/de\/wp-json\/wp\/v2\/pages\/2209\/revisions"}],"wp:attachment":[{"href":"https:\/\/sagargeldern.com\/de\/wp-json\/wp\/v2\/media?parent=2209"}],"curies":[{"name":"wp","href":"https:\/\/api.w.org\/{rel}","templated":true}]}}