{"id":2467,"date":"2025-06-05T13:51:44","date_gmt":"2025-06-05T13:51:44","guid":{"rendered":"https:\/\/sagargeldern.com?page_id=2467"},"modified":"2025-06-05T15:42:54","modified_gmt":"2025-06-05T15:42:54","slug":"privacy-policy","status":"publish","type":"page","link":"https:\/\/sagargeldern.com\/de\/privacy-policy\/","title":{"rendered":"Datenschutzrichtlinie"},"content":{"rendered":"<div data-elementor-type=\"wp-page\" data-elementor-id=\"2467\" class=\"elementor elementor-2467\" data-elementor-post-type=\"page\">\n\t\t\t\t<div class=\"elementor-element elementor-element-dce952b e-flex e-con-boxed e-con e-parent\" data-id=\"dce952b\" data-element_type=\"container\" data-e-type=\"container\" data-settings=\"{&quot;background_background&quot;:&quot;classic&quot;}\">\n\t\t\t\t\t<div class=\"e-con-inner\">\n\t\t<div class=\"elementor-element elementor-element-b24cf80 e-con-full e-flex e-con e-child\" data-id=\"b24cf80\" data-element_type=\"container\" data-e-type=\"container\" data-settings=\"{&quot;background_background&quot;:&quot;classic&quot;}\">\n\t\t\t\t<div class=\"elementor-element elementor-element-ee13870 elementor-invisible elementor-widget elementor-widget-heading\" data-id=\"ee13870\" data-element_type=\"widget\" data-e-type=\"widget\" data-settings=\"{&quot;_animation&quot;:&quot;zoomIn&quot;}\" data-widget_type=\"heading.default\">\n\t\t\t\t\t<h1 class=\"elementor-heading-title elementor-size-default\">Datenschutzrichtlinie\n<\/h1>\t\t\t\t<\/div>\n\t\t\t\t<\/div>\n\t\t\t\t\t<\/div>\n\t\t\t\t<\/div>\n\t\t<div class=\"elementor-element elementor-element-cd523a6 e-flex e-con-boxed e-con e-parent\" data-id=\"cd523a6\" data-element_type=\"container\" data-e-type=\"container\">\n\t\t\t\t\t<div class=\"e-con-inner\">\n\t\t\t\t<div class=\"elementor-element elementor-element-55eddb8 elementor-widget elementor-widget-text-editor\" data-id=\"55eddb8\" data-element_type=\"widget\" data-e-type=\"widget\" id=\"cls-policy\" data-widget_type=\"text-editor.default\">\n\t\t\t\t\t\t\t\t\t<p>Zuletzt aktualisiert: 05. Juni 2025<\/p>\n<p>Diese Datenschutzerkl\u00e4rung beschreibt unsere Richtlinien und Verfahren zur Erhebung, Nutzung und Offenlegung Ihrer Informationen, wenn Sie unseren Service nutzen. Sie informiert Sie \u00fcber Ihre Datenschutzrechte und dar\u00fcber, wie das Gesetz Sie sch\u00fctzt.<\/p>\n<p>Wir verwenden Ihre personenbezogenen Daten, um den Service bereitzustellen und zu verbessern. Durch die Nutzung des Services stimmen Sie der Erhebung und Verwendung von Informationen gem\u00e4\u00df dieser Datenschutzerkl\u00e4rung zu. Diese Datenschutzerkl\u00e4rung wurde mit Hilfe des Privacy Policy Generators erstellt.&nbsp;<a href=\"https:\/\/www.termsfeed.com\/privacy-policy-generator\/\" target=\"_blank\" rel=\"noopener\">Privacy Policy Generator<\/a>.<\/p>\n<h2>Auslegung und Definitionen<\/h2>\n<h3>Auslegung<\/h3>\n<p>Begriffe, deren Anfangsbuchstaben gro\u00dfgeschrieben sind, haben die nachfolgend definierte Bedeutung \u2013 unabh\u00e4ngig davon, ob sie im Singular oder Plural verwendet werden.<\/p>\n<h3>Definitionen<\/h3>\n<p>F\u00fcr die Zwecke dieser Datenschutzerkl\u00e4rung gelten folgende Begriffsbestimmungen:<\/p>\n<ul>\n<li>\n<p><strong>Konto<\/strong>&nbsp;bezeichnet ein eindeutiges Konto, das f\u00fcr Sie erstellt wurde, um auf unseren Service oder Teile davon zuzugreifen.<\/p>\n<\/li>\n<li>\n<p><strong>Partnerunternehmen<\/strong>&nbsp;bezeichnet jede Einheit, die die Kontrolle \u00fcber eine Partei aus\u00fcbt, von ihr kontrolliert wird oder unter gemeinsamer Kontrolle steht. \"Kontrolle\" bedeutet den Besitz von 50 % oder mehr der stimmberechtigten Anteile oder gleichwertiger Befugnisse.<\/p>\n<\/li>\n<li>\n<p class=\"translation-block\"><strong>Unternehmen <\/strong> (in dieser Erkl\u00e4rung auch \u201edas Unternehmen\u201c, \u201ewir\u201c, \u201euns\u201c oder \u201eunser(e)\u201c) bezeichnet SAGAR \u2013 Indisches Restaurant u. Lieferservice, Markt 42, 47608 Geldern.<\/p>\n<\/li>\n<li>\n<p class=\"translation-block\"><strong>Cookies<\/strong> sind kleine Dateien, die auf Ihrem Computer, Mobilger\u00e4t oder einem anderen Ger\u00e4t von einer Website gespeichert werden und u. a. Informationen \u00fcber Ihr Surfverhalten enthalten.<\/p>\n<\/li>\n<li>\n<p class=\"translation-block\"><strong>Land <\/strong> bezieht sich auf: Nordrhein-Westfalen, Deutschland.<\/p>\n<\/li>\n<li>\n<p class=\"translation-block\"><strong>Ger\u00e4t<\/strong> bezeichnet jedes Ger\u00e4t, das auf den Service zugreifen kann, z.\u202fB. ein Computer, Mobiltelefon oder Tablet.<\/p>\n<\/li>\n<li>\n<p class=\"translation-block\"><strong>Personenbezogene Daten <\/strong>sind alle Informationen, die sich auf eine identifizierte oder identifizierbare Person beziehen.<\/p>\n<\/li>\n<li>\n<p class=\"translation-block\"><strong>Service<\/strong> bezieht sich auf die Website.<\/p>\n<\/li>\n<li>\n<p class=\"translation-block\"><strong>Dienstleister<\/strong> sind nat\u00fcrliche oder juristische Personen, die Daten im Auftrag des Unternehmens verarbeiten (z.\u202fB. Hosting, Analyse, Support).<\/p>\n<\/li>\n<li>\n<p class=\"translation-block\"><strong>Nutzungsdaten sind<\/strong> Daten, die automatisch bei der Nutzung des Services oder durch die Infrastruktur des Services erhoben werden (z.\u202fB. Besuchsdauer einer Seite).<\/p>\n<\/li>\n<li>\n<p><strong>Website<\/strong>&nbsp;refers to Sagar Geldern, accessible from&nbsp;<a href=\"https:\/\/sagargeldern.com\/de\/\" target=\"_blank\" rel=\"external nofollow noopener\">https:\/\/sagargeldern.com\/<\/a><\/p>\n<\/li>\n<li>\n<p class=\"translation-block\"><strong>Sie<\/strong> bezeichnet die nat\u00fcrliche oder juristische Person, die auf den Service zugreift oder ihn nutzt.<\/p>\n<\/li>\n<\/ul>\n<h2>Erhebung und Nutzung Ihrer personenbezogenen Daten<\/h2>\n<h3>Arten der erhobenen Daten<\/h3>\n<h4>Personenbezogene Daten<\/h4>\n<p>W\u00e4hrend Sie unseren Service nutzen, k\u00f6nnen wir Sie um die Angabe bestimmter personenbezogener Daten bitten, mit denen Sie kontaktiert oder identifiziert werden k\u00f6nnen. Dazu geh\u00f6ren unter anderem:<\/p>\n<ul>\n<li>\n<p>E-Mail-Adresse<\/p>\n<\/li>\n<li>\n<p>Vor- und Nachname<\/p>\n<\/li>\n<li>\n<p>Telefonnummer<\/p>\n<\/li>\n<li>\n<p>Adresse, Bundesland, PLZ, Stadt<\/p>\n<\/li>\n<li>\n<p>Nutzungsdaten<\/p>\n<\/li>\n<\/ul>\n<h4>Nutzungsdaten<\/h4>\n<p>Diese Daten werden automatisch bei der Nutzung des Services erfasst.<\/p>\n<p>Dazu k\u00f6nnen Informationen wie Ihre IP-Adresse, Browsertyp\/-version, die besuchten Seiten, Uhrzeit und Datum des Besuchs, Verweildauer, Ger\u00e4tekennungen und andere Diagnosedaten geh\u00f6ren.<\/p>\n<p>Beim Zugriff \u00fcber ein mobiles Ger\u00e4t k\u00f6nnen zus\u00e4tzliche Daten wie Ger\u00e4tetyp, eindeutige Ger\u00e4te-ID, IP-Adresse, Betriebssystem, Browsertyp sowie weitere Diagnosedaten erhoben werden.<\/p>\n<p>Wir k\u00f6nnen auch Informationen erfassen, die Ihr Browser sendet, wenn Sie unseren Dienst besuchen oder wenn Sie \u00fcber ein mobiles Ger\u00e4t auf den Dienst zugreifen.<\/p>\n<h4>Tracking-Technologien und Cookies<\/h4>\n<p>Wir verwenden Cookies und \u00e4hnliche Technologien wie Web Beacons, Tags und Skripte, um Aktivit\u00e4ten auf unserem Service zu verfolgen und Informationen zu speichern. Die verwendeten Technologien k\u00f6nnen Folgendes beinhalten:<\/p>\n<ul>\n<li class=\"translation-block\"><strong>Cookies bzw. Browser-Cookies: <\/strong>Kleine Dateien, die auf Ihrem Ger\u00e4t gespeichert werden. Sie k\u00f6nnen Ihren Browser so einstellen, dass alle Cookies abgelehnt oder ein Hinweis angezeigt wird. Ohne Cookies sind jedoch einige Funktionen des Services m\u00f6glicherweise nicht verf\u00fcgbar.<\/li>\n<li class=\"translation-block\"><strong>Web Beacons:<\/strong>  Kleine Grafiken in bestimmten Bereichen des Services oder in E-Mails, die uns z.\u202fB. erm\u00f6glichen, Besucherzahlen zu messen oder Systemintegrit\u00e4t zu pr\u00fcfen.<\/li>\n<\/ul>\n<p class=\"translation-block\">Cookies k\u00f6nnen \u201edauerhafte\u201c oder \u201eSitzungscookies\u201c sein. Dauerhafte Cookies verbleiben auf Ihrem PC oder Mobilger\u00e4t, wenn Sie offline gehen, w\u00e4hrend Sitzungscookies gel\u00f6scht werden, sobald Sie Ihren Webbrowser schlie\u00dfen. Weitere Informationen zu Cookies finden Sie im Artikel <a href=\"https:\/\/www.termsfeed.com\/blog\/cookies\/#What_Are_Cookies\" target=\"_blank\" rel=\"noopener\">TermsFeed-Website<\/a>.<\/p>\n<p>Wir verwenden sowohl Sitzungscookies als auch dauerhafte Cookies f\u00fcr die unten aufgef\u00fchrten Zwecke:<\/p>\n<ul>\n<li>\n<p><strong>Cookie-Arten und Verwendungszwecke:<\/strong><\/p>\n<p>Type: Session Cookies<\/p>\n<p>Verwaltet von: Uns<\/p>\n<p>Unverzichtbare Cookies (Session Cookies) \u2013 Erm\u00f6glichen die Nutzung grundlegender Funktionen des Services.<\/p>\n<\/li>\n<li>\n<p><strong>Einwilligungs-Cookies (Persistente Cookies)<\/strong><\/p>\n<p>Persistente Cookies<\/p>\n<p>Verwaltet von: Uns<\/p>\n<p>Speichern Ihre Zustimmung zur Verwendung von Cookies.<\/p>\n<\/li>\n<li>\n<p><strong>Funktionale Cookies (Persistente Cookies)<\/strong><\/p>\n<p>Persistente Cookies<\/p>\n<p>Verwaltet von: Uns<\/p>\n<p>Merken sich Ihre Einstellungen wie Sprache oder Login-Status, um die Benutzererfahrung zu verbessern.<\/p>\n<\/li>\n<\/ul>\n<p>Mehr Informationen finden Sie in unserer Cookie-Richtlinie.<\/p>\n<h3>Verwendung Ihrer personenbezogenen Daten<\/h3>\n<p>Das Unternehmen verwendet personenbezogene Daten f\u00fcr folgende Zwecke:<\/p>\n<ul>\n<li>\n<p class=\"translation-block\">Zur Bereitstellung und Wartung unseres Dienstes, einschlie\u00dflich der \u00dcberwachung der Nutzung unseres Dienstes.<\/p>\n<\/li>\n<li>\n<p class=\"translation-block\"><strong>So verwalten Sie Ihr Konto:<\/strong> um Ihre Registrierung als Benutzer des Dienstes zu verwalten. Die von Ihnen bereitgestellten personenbezogenen Daten k\u00f6nnen Ihnen Zugriff auf verschiedene Funktionen des Dienstes gew\u00e4hren, die Ihnen als registrierter Benutzer zur Verf\u00fcgung stehen.<\/p>\n<\/li>\n<li>\n<p class=\"translation-block\"><strong>Zur Erf\u00fcllung eines Vertrags:<\/strong> die Entwicklung, Einhaltung und Durchf\u00fchrung des Kaufvertrags f\u00fcr die von Ihnen erworbenen Produkte, Artikel oder Dienstleistungen oder eines anderen Vertrags mit uns \u00fcber den Dienst.<\/p>\n<\/li>\n<li>\n<p class=\"translation-block\"><strong>Um Sie zu kontaktieren:<\/strong> Um Sie per E-Mail, Telefonanruf, SMS oder anderen gleichwertigen Formen der elektronischen Kommunikation zu kontaktieren, wie etwa Push-Benachrichtigungen einer mobilen Anwendung bez\u00fcglich Updates oder informativer Mitteilungen im Zusammenhang mit den Funktionen, Produkten oder vertraglich vereinbarten Diensten, einschlie\u00dflich der Sicherheitsupdates, wenn dies f\u00fcr deren Implementierung notwendig oder angemessen ist.<\/p>\n<\/li>\n<li>\n<p class=\"translation-block\"><strong>Um Ihre Anfragen zu verwalten:<\/strong> Um Ihre Anfragen an uns zu bearbeiten und zu verwalten.<\/p>\n<\/li>\n<li>\n<p><strong>To manage Your requests:<\/strong>&nbsp;To attend and manage Your requests to Us.<\/p>\n<\/li>\n<li>\n<p class=\"translation-block\"><strong>F\u00fcr Gesch\u00e4fts\u00fcbertragungen:<\/strong> Wir k\u00f6nnen Ihre Informationen verwenden, um eine Fusion, Ver\u00e4u\u00dferung, Umstrukturierung, Reorganisation, Aufl\u00f6sung oder einen sonstigen Verkauf oder eine sonstige \u00dcbertragung einiger oder aller unserer Verm\u00f6genswerte zu bewerten oder durchzuf\u00fchren, sei es als fortgef\u00fchrtes Unternehmen oder als Teil eines Insolvenz-, Liquidations- oder \u00e4hnlichen Verfahrens, bei dem die von uns \u00fcber unsere Servicenutzer gespeicherten personenbezogenen Daten zu den \u00fcbertragenen Verm\u00f6genswerten geh\u00f6ren.<\/p>\n<\/li>\n<li>\n<p class=\"translation-block\"><strong>F\u00fcr andere Zwecke<\/strong>: Wir k\u00f6nnen Ihre Informationen f\u00fcr andere Zwecke verwenden, beispielsweise zur Datenanalyse, zur Ermittlung von Nutzungstrends, zur Feststellung der Wirksamkeit unserer Werbekampagnen und zur Bewertung und Verbesserung unseres Dienstes, unserer Produkte, Dienstleistungen, unseres Marketings und Ihrer Erfahrung.<\/p>\n<\/li>\n<\/ul>\n<p>Wir k\u00f6nnen Ihre personenbezogenen Daten in den folgenden Situationen weitergeben:<\/p>\n<ul>\n<li class=\"translation-block\"><strong>Mit Dienstanbietern:<\/strong> Wir k\u00f6nnen Ihre personenbezogenen Daten an Dienstanbieter weitergeben, um die Nutzung unseres Dienstes zu \u00fcberwachen und zu analysieren und um mit Ihnen Kontakt aufzunehmen.<\/li>\n<li class=\"translation-block\"><strong>Mit verbundenen Unternehmen:<\/strong> Wir k\u00f6nnen Ihre Informationen mit unseren verbundenen Unternehmen teilen. In diesem Fall verlangen wir von diesen Unternehmen, diese Datenschutzrichtlinie einzuhalten. Zu den verbundenen Unternehmen z\u00e4hlen unsere Muttergesellschaft und alle anderen Tochtergesellschaften, Joint-Venture-Partner oder andere Unternehmen, die wir kontrollieren oder die unter gemeinsamer Kontrolle mit uns stehen.<\/li>\n<li><strong>With Affiliates:<\/strong>&nbsp;We may share Your information with Our affiliates, in which case we will require those affiliates to honor this Privacy Policy. Affiliates include Our parent company and any other subsidiaries, joint venture partners or other companies that We control or that are under common control with Us.<\/li>\n<li class=\"translation-block\"><strong>Mit Gesch\u00e4ftspartnern:<\/strong> Wir k\u00f6nnen Ihre Informationen an unsere Gesch\u00e4ftspartner weitergeben, um Ihnen bestimmte Produkte, Dienstleistungen oder Werbeaktionen anzubieten.<\/li>\n<li class=\"translation-block\"><strong>Mit anderen Benutzern:<\/strong> Wenn Sie pers\u00f6nliche Informationen weitergeben oder auf andere Weise in den \u00f6ffentlichen Bereichen mit anderen Benutzern interagieren, k\u00f6nnen diese Informationen von allen Benutzern eingesehen und \u00f6ffentlich au\u00dferhalb verbreitet werden.<\/li>\n<li class=\"translation-block\"><strong>Mit Ihrer Zustimmung<\/strong>: Mit Ihrer Zustimmung k\u00f6nnen wir Ihre personenbezogenen Daten f\u00fcr jeden anderen Zweck offenlegen.<\/li>\n<\/ul>\n<h3>Aufbewahrung Ihrer personenbezogenen Daten<\/h3>\n<p>Ihre Daten werden nur so lange gespeichert, wie es f\u00fcr die in dieser Erkl\u00e4rung genannten Zwecke erforderlich ist. Wir speichern Daten auch, um gesetzlichen Verpflichtungen nachzukommen, Streitigkeiten beizulegen und unsere Vertr\u00e4ge durchzusetzen.<\/p>\n<p>Nutzungsdaten werden in der Regel k\u00fcrzer gespeichert, es sei denn, sie werden zur Verbesserung der Sicherheit oder Funktionalit\u00e4t ben\u00f6tigt.<\/p>\n<h3>\u00dcbermittlung Ihrer personenbezogenen Daten<\/h3>\n<p>Ihre Daten k\u00f6nnen in L\u00e4nder au\u00dferhalb Ihres Wohnsitzstaates \u00fcbermittelt werden, in denen ggf. andere Datenschutzgesetze gelten. Mit der Nutzung unseres Services und der \u00dcbermittlung Ihrer Daten erkl\u00e4ren Sie sich mit dieser \u00dcbertragung einverstanden. Wir stellen sicher, dass bei der \u00dcbermittlung angemessene Sicherheitsma\u00dfnahmen getroffen werden.<\/p>\n<h3>L\u00f6schung Ihrer personenbezogenen Daten<\/h3>\n<p>You have the right to delete or request that We assist in deleting the Personal Data that We have collected about You.Our Service may give You the ability to delete certain information about You from within the Service.You may update, amend, or delete Your information at any time by signing in to Your Account, if you have one, and visiting the account settings section that allows you to manage Your personal information. You may also contact Us to request access to, correct, or delete any personal information that You have provided to Us.Please note, however, that We may need to retain certain information when we have a legal obligation or lawful basis to do so.<\/p>\n<h3>Offenlegung Ihrer personenbezogenen Daten<\/h3>\n<h4>Unternehmens\u00fcbertragungen:<\/h4>\n<p>Ihre Daten k\u00f6nnen bei einem Unternehmensverkauf oder einer Fusion weitergegeben werden.<\/p>\n<h4>Rechtspflichten<\/h4>\n<p>Wir sind berechtigt, Ihre Daten offenzulegen, wenn wir gesetzlich dazu verpflichtet sind (z.\u202fB. durch Gerichtsbeschluss).<\/p>\n<h4>Rechtliche Durchsetzung:<\/h4>\n<p>Das Unternehmen kann Ihre personenbezogenen Daten im guten Glauben offenlegen, dass dies erforderlich ist, um:<\/p>\n<ul>\n<li>Einer gesetzlichen Verpflichtung nachkommen<\/li>\n<li>Schutz und Verteidigung der Rechte oder des Eigentums des Unternehmens<\/li>\n<li>M\u00f6gliches Fehlverhalten im Zusammenhang mit dem Service verhindern oder untersuchen<\/li>\n<li>Sch\u00fctzen Sie die pers\u00f6nliche Sicherheit der Benutzer des Dienstes oder der \u00d6ffentlichkeit<\/li>\n<li>Sch\u00fctzen Sie sich vor rechtlicher Haftung<\/li>\n<\/ul>\n<h3>Sicherheit Ihrer personenbezogenen Daten<\/h3>\n<p>Die Sicherheit Ihrer Daten ist uns wichtig. Wir setzen geeignete Ma\u00dfnahmen ein, k\u00f6nnen jedoch keine absolute Sicherheit garantieren, da keine Internet\u00fcbertragung oder elektronische Speicherung vollst\u00e4ndig sicher ist.<\/p>\n<h2>Datenschutz von Kindern<\/h2>\n<p>Unser Service richtet sich nicht an Personen unter 13 Jahren. Wir erheben wissentlich keine personenbezogenen Daten von Kindern unter 13. Falls Sie Kenntnis davon haben, dass Ihr Kind uns solche Daten \u00fcbermittelt hat, kontaktieren Sie uns bitte.<\/p>\n<h2>Links zu anderen Websites<\/h2>\n<p>Unser Service kann Links zu Websites Dritter enthalten. Wir sind nicht verantwortlich f\u00fcr deren Inhalte oder Datenschutzpraktiken. Wir empfehlen, deren Datenschutzerkl\u00e4rungen zu lesen.<\/p>\n<h2>\u00c4nderungen dieser Datenschutzerkl\u00e4rung<\/h2>\n<p>Diese Datenschutzerkl\u00e4rung kann gelegentlich aktualisiert werden. \u00c4nderungen werden auf dieser Seite ver\u00f6ffentlicht, das Datum oben wird entsprechend angepasst. Bei wesentlichen \u00c4nderungen informieren wir Sie per E-Mail oder durch einen Hinweis auf der Website.<\/p>\n<h2>Kontaktieren Sie uns<\/h2>\n<p>Wenn Sie Fragen zu dieser Datenschutzerkl\u00e4rung haben, kontaktieren Sie uns bitte:<\/p>\n<ul>\n<li>\n<p>By email:&nbsp;info@sagargeldern-10f3942.ingress-baronn.ewp.live<\/p>\n<\/li>\n<li>\n<p>\u00dcber unsere Website: https:\/\/sagargeldern-10f3942.ingress-baronn.ewp.livede\/contact-us\/&nbsp;<a href=\"https:\/\/sagargeldern.com\/de\/contact-us\/\" target=\"_blank\" rel=\"external nofollow noopener\">https:\/\/sagargeldern.com\/de\/contact-us\/<\/a><\/p>\n<\/li>\n<li>\n<p>Telefonisch: 02831 \u2013 13 455 90<\/p>\n<\/li>\n<\/ul>\t\t\t\t\t\t\t\t<\/div>\n\t\t\t\t\t<\/div>\n\t\t\t\t<\/div>\n\t\t\t\t<\/div>","protected":false},"excerpt":{"rendered":"<p>Privacy Policy Last updated: June 05, 2025 This Privacy Policy describes Our policies and procedures on the collection, use and disclosure of Your information when You use the Service and tells You about Your privacy rights and how the law protects You. We use Your Personal data to provide and improve the Service. By using [&hellip;]<\/p>\n","protected":false},"author":11,"featured_media":0,"parent":0,"menu_order":0,"comment_status":"closed","ping_status":"closed","template":"elementor_header_footer","meta":{"footnotes":""},"class_list":["post-2467","page","type-page","status-publish","hentry"],"yoast_head":"<!-- This site is optimized with the Yoast SEO plugin v27.5 - https:\/\/yoast.com\/product\/yoast-seo-wordpress\/ -->\n<title>Privacy Policy - Sagar Geldern<\/title>\n<meta name=\"robots\" content=\"index, follow, max-snippet:-1, max-image-preview:large, max-video-preview:-1\" \/>\n<link rel=\"canonical\" href=\"https:\/\/sagargeldern.com\/de\/privacy-policy\/\" \/>\n<meta property=\"og:locale\" content=\"de_DE\" \/>\n<meta property=\"og:type\" content=\"article\" \/>\n<meta property=\"og:title\" content=\"Privacy Policy - Sagar Geldern\" \/>\n<meta property=\"og:description\" content=\"Privacy Policy Last updated: June 05, 2025 This Privacy Policy describes Our policies and procedures on the collection, use and disclosure of Your information when You use the Service and tells You about Your privacy rights and how the law protects You. We use Your Personal data to provide and improve the Service. By using [&hellip;]\" \/>\n<meta property=\"og:url\" content=\"https:\/\/sagargeldern.com\/de\/privacy-policy\/\" \/>\n<meta property=\"og:site_name\" content=\"Sagar Geldern\" \/>\n<meta property=\"article:modified_time\" content=\"2025-06-05T15:42:54+00:00\" \/>\n<meta name=\"twitter:card\" content=\"summary_large_image\" \/>\n<meta name=\"twitter:label1\" content=\"Gesch\u00e4tzte Lesezeit\" \/>\n\t<meta name=\"twitter:data1\" content=\"12\u00a0Minuten\" \/>\n<script type=\"application\/ld+json\" class=\"yoast-schema-graph\">{\"@context\":\"https:\\\/\\\/schema.org\",\"@graph\":[{\"@type\":\"WebPage\",\"@id\":\"https:\\\/\\\/sagargeldern.com\\\/de\\\/privacy-policy\\\/\",\"url\":\"https:\\\/\\\/sagargeldern.com\\\/de\\\/privacy-policy\\\/\",\"name\":\"Privacy Policy - Sagar Geldern\",\"isPartOf\":{\"@id\":\"https:\\\/\\\/sagargeldern.com\\\/#website\"},\"datePublished\":\"2025-06-05T13:51:44+00:00\",\"dateModified\":\"2025-06-05T15:42:54+00:00\",\"breadcrumb\":{\"@id\":\"https:\\\/\\\/sagargeldern.com\\\/de\\\/privacy-policy\\\/#breadcrumb\"},\"inLanguage\":\"de\",\"potentialAction\":[{\"@type\":\"ReadAction\",\"target\":[\"https:\\\/\\\/sagargeldern.com\\\/de\\\/privacy-policy\\\/\"]}]},{\"@type\":\"BreadcrumbList\",\"@id\":\"https:\\\/\\\/sagargeldern.com\\\/de\\\/privacy-policy\\\/#breadcrumb\",\"itemListElement\":[{\"@type\":\"ListItem\",\"position\":1,\"name\":\"Home\",\"item\":\"https:\\\/\\\/sagargeldern.com\\\/en_us\\\/\"},{\"@type\":\"ListItem\",\"position\":2,\"name\":\"Privacy Policy\"}]},{\"@type\":\"WebSite\",\"@id\":\"https:\\\/\\\/sagargeldern.com\\\/#website\",\"url\":\"https:\\\/\\\/sagargeldern.com\\\/\",\"name\":\"Sagar Geldern\",\"description\":\"Indian restaurant\",\"publisher\":{\"@id\":\"https:\\\/\\\/sagargeldern.com\\\/#organization\"},\"potentialAction\":[{\"@type\":\"SearchAction\",\"target\":{\"@type\":\"EntryPoint\",\"urlTemplate\":\"https:\\\/\\\/sagargeldern.com\\\/?s={search_term_string}\"},\"query-input\":{\"@type\":\"PropertyValueSpecification\",\"valueRequired\":true,\"valueName\":\"search_term_string\"}}],\"inLanguage\":\"de\"},{\"@type\":\"Organization\",\"@id\":\"https:\\\/\\\/sagargeldern.com\\\/#organization\",\"name\":\"Sagar Geldern\",\"url\":\"https:\\\/\\\/sagargeldern.com\\\/\",\"logo\":{\"@type\":\"ImageObject\",\"inLanguage\":\"de\",\"@id\":\"https:\\\/\\\/sagargeldern.com\\\/#\\\/schema\\\/logo\\\/image\\\/\",\"url\":\"https:\\\/\\\/sagargeldern.com\\\/wp-content\\\/uploads\\\/2025\\\/04\\\/lgog-removebg-preview.png\",\"contentUrl\":\"https:\\\/\\\/sagargeldern.com\\\/wp-content\\\/uploads\\\/2025\\\/04\\\/lgog-removebg-preview.png\",\"width\":544,\"height\":405,\"caption\":\"Sagar Geldern\"},\"image\":{\"@id\":\"https:\\\/\\\/sagargeldern.com\\\/#\\\/schema\\\/logo\\\/image\\\/\"}}]}<\/script>\n<!-- \/ Yoast SEO plugin. -->","yoast_head_json":{"title":"Privacy Policy - Sagar Geldern","robots":{"index":"index","follow":"follow","max-snippet":"max-snippet:-1","max-image-preview":"max-image-preview:large","max-video-preview":"max-video-preview:-1"},"canonical":"https:\/\/sagargeldern.com\/de\/privacy-policy\/","og_locale":"de_DE","og_type":"article","og_title":"Privacy Policy - Sagar Geldern","og_description":"Privacy Policy Last updated: June 05, 2025 This Privacy Policy describes Our policies and procedures on the collection, use and disclosure of Your information when You use the Service and tells You about Your privacy rights and how the law protects You. We use Your Personal data to provide and improve the Service. By using [&hellip;]","og_url":"https:\/\/sagargeldern.com\/de\/privacy-policy\/","og_site_name":"Sagar Geldern","article_modified_time":"2025-06-05T15:42:54+00:00","twitter_card":"summary_large_image","twitter_misc":{"Gesch\u00e4tzte Lesezeit":"12\u00a0Minuten"},"schema":{"@context":"https:\/\/schema.org","@graph":[{"@type":"WebPage","@id":"https:\/\/sagargeldern.com\/de\/privacy-policy\/","url":"https:\/\/sagargeldern.com\/de\/privacy-policy\/","name":"Privacy Policy - Sagar Geldern","isPartOf":{"@id":"https:\/\/sagargeldern.com\/#website"},"datePublished":"2025-06-05T13:51:44+00:00","dateModified":"2025-06-05T15:42:54+00:00","breadcrumb":{"@id":"https:\/\/sagargeldern.com\/de\/privacy-policy\/#breadcrumb"},"inLanguage":"de","potentialAction":[{"@type":"ReadAction","target":["https:\/\/sagargeldern.com\/de\/privacy-policy\/"]}]},{"@type":"BreadcrumbList","@id":"https:\/\/sagargeldern.com\/de\/privacy-policy\/#breadcrumb","itemListElement":[{"@type":"ListItem","position":1,"name":"Home","item":"https:\/\/sagargeldern.com\/en_us\/"},{"@type":"ListItem","position":2,"name":"Privacy Policy"}]},{"@type":"WebSite","@id":"https:\/\/sagargeldern.com\/#website","url":"https:\/\/sagargeldern.com\/","name":"Sagar Geldern","description":"Indian restaurant","publisher":{"@id":"https:\/\/sagargeldern.com\/#organization"},"potentialAction":[{"@type":"SearchAction","target":{"@type":"EntryPoint","urlTemplate":"https:\/\/sagargeldern.com\/?s={search_term_string}"},"query-input":{"@type":"PropertyValueSpecification","valueRequired":true,"valueName":"search_term_string"}}],"inLanguage":"de"},{"@type":"Organization","@id":"https:\/\/sagargeldern.com\/#organization","name":"Sagar Geldern","url":"https:\/\/sagargeldern.com\/","logo":{"@type":"ImageObject","inLanguage":"de","@id":"https:\/\/sagargeldern.com\/#\/schema\/logo\/image\/","url":"https:\/\/sagargeldern.com\/wp-content\/uploads\/2025\/04\/lgog-removebg-preview.png","contentUrl":"https:\/\/sagargeldern.com\/wp-content\/uploads\/2025\/04\/lgog-removebg-preview.png","width":544,"height":405,"caption":"Sagar Geldern"},"image":{"@id":"https:\/\/sagargeldern.com\/#\/schema\/logo\/image\/"}}]}},"brizy_media":[],"_links":{"self":[{"href":"https:\/\/sagargeldern.com\/de\/wp-json\/wp\/v2\/pages\/2467","targetHints":{"allow":["GET"]}}],"collection":[{"href":"https:\/\/sagargeldern.com\/de\/wp-json\/wp\/v2\/pages"}],"about":[{"href":"https:\/\/sagargeldern.com\/de\/wp-json\/wp\/v2\/types\/page"}],"author":[{"embeddable":true,"href":"https:\/\/sagargeldern.com\/de\/wp-json\/wp\/v2\/users\/11"}],"replies":[{"embeddable":true,"href":"https:\/\/sagargeldern.com\/de\/wp-json\/wp\/v2\/comments?post=2467"}],"version-history":[{"count":0,"href":"https:\/\/sagargeldern.com\/de\/wp-json\/wp\/v2\/pages\/2467\/revisions"}],"wp:attachment":[{"href":"https:\/\/sagargeldern.com\/de\/wp-json\/wp\/v2\/media?parent=2467"}],"curies":[{"name":"wp","href":"https:\/\/api.w.org\/{rel}","templated":true}]}}